{"id":30670,"date":"2024-10-13T12:35:59","date_gmt":"2024-10-13T10:35:59","guid":{"rendered":"https:\/\/yuyubottle.ch\/?page_id=30670"},"modified":"2024-11-29T07:46:55","modified_gmt":"2024-11-29T06:46:55","slug":"privacy-policy","status":"publish","type":"page","link":"https:\/\/yuyubottle.ch\/fr\/privacy-policy\/","title":{"rendered":"Privacy Policy"},"content":{"rendered":"<p><div class=\"fusion-fullwidth fullwidth-box fusion-builder-row-1 fusion-flex-container nonhundred-percent-fullwidth non-hundred-percent-height-scrolling\" style=\"--awb-border-sizes-top:0px;--awb-border-sizes-bottom:0px;--awb-border-sizes-left:0px;--awb-border-sizes-right:0px;--awb-border-radius-top-left:0px;--awb-border-radius-top-right:0px;--awb-border-radius-bottom-right:0px;--awb-border-radius-bottom-left:0px;--awb-padding-top:0px;--awb-padding-right:0px;--awb-padding-bottom:0px;--awb-padding-left:0px;--awb-margin-top:0px;--awb-margin-bottom:0px;--awb-flex-wrap:wrap;\" ><div class=\"fusion-builder-row fusion-row fusion-flex-align-items-flex-start fusion-flex-content-wrap\" style=\"max-width:calc( 1270px + );margin-left: calc(- \/ 2 );margin-right: calc(- \/ 2 );\"><div class=\"fusion-layout-column fusion_builder_column fusion-builder-column-0 fusion_builder_column_1_1 1_1 fusion-flex-column\" style=\"--awb-padding-right-medium:25px;--awb-padding-left-medium:25px;--awb-bg-blend:overlay;--awb-bg-size:cover;--awb-width-large:100%;--awb-margin-top-large:0px;--awb-spacing-right-large:0px;--awb-margin-bottom-large:0px;--awb-spacing-left-large:0px;--awb-width-medium:100%;--awb-order-medium:0;--awb-width-small:100%;--awb-order-small:0;\" data-scroll-devices=\"small-visibility,medium-visibility,large-visibility\"><div class=\"fusion-column-wrapper fusion-column-has-shadow fusion-flex-justify-content-flex-start fusion-content-layout-column\"><style type=\"text\/css\">.fusion-faqs-wrapper #accordian-1 .fusion-panel { border-color:var(--awb-color3); }.fusion-faqs-wrapper #accordian-1 .fusion-panel:hover{ border-color: var(--awb-color3); }.fusion-accordian #accordian-1 .panel-title a .fa-fusion-box:before{ font-size: 20px;width: 20px;}.fusion-accordian #accordian-1 .panel-title a .fa-fusion-box{ color: var(--awb-color4);}.fusion-accordian #accordian-1.fusion-toggle-icon-right .fusion-toggle-heading{ margin-right: 38px;}.fusion-accordian  #accordian-1 .panel-title a{font-family:var(--awb-typography1-font-family);font-weight:var(--awb-typography1-font-weight);font-style:var(--awb-typography1-font-style);}.fusion-accordian  #accordian-1 .panel-title a:not(:hover){}.fusion-accordian  #accordian-1 .toggle-content{font-family:var(--awb-typography4-font-family);font-weight:var(--awb-typography4-font-weight);font-style:var(--awb-typography4-font-style);}.fusion-accordian #accordian-1 .fa-fusion-box { background-color: var(--awb-color1) !important;border-color: var(--awb-color1) !important;}.fusion-accordian #accordian-1 .panel-title a:hover,.fusion-accordian #accordian-1 .panel-title a.hover { color: var(--awb-color4);}.fusion-faq-shortcode .fusion-accordian #accordian-1 .fusion-toggle-boxed-mode:hover .panel-title a { color: var(--awb-color4);}.fusion-accordian #accordian-1 .panel-title .active .fa-fusion-box,.fusion-accordian #accordian-1 .panel-title a:hover .fa-fusion-box,.fusion-accordian #accordian-1 .panel-title a.hover .fa-fusion-box { background-color: var(--awb-color4)!important;border-color: var(--awb-color4)!important;}<\/style><div class=\"fusion-faq-shortcode\" style=\"\"><div class=\"fusion-faqs-wrapper\"><div class=\"accordian fusion-accordian\"><div class=\"panel-group  fusion-toggle-icon-right\" id=\"accordian-1\"><div class=\"fusion-panel panel-default fusion-faq-post fusion-faq-post-30672 privacy-policy-fr \"><span class=\"entry-title rich-snippet-hidden\">Qui sommes nous?<\/span><span class=\"vcard rich-snippet-hidden\"><span class=\"fn\"><a href=\"https:\/\/yuyubottle.ch\/fr\/author\/admin\/\" title=\"Articles par admin\" rel=\"author\">admin<\/a><\/span><\/span><span class=\"updated rich-snippet-hidden\">2024-11-21T08:45:13+01:00<\/span><div class=\"panel-heading\"><h4 id=\"faq_1-30672\" class=\"panel-title toggle\"><a data-toggle=\"collapse\" class=\"collapsed\" data-parent=\"#accordian-1\" data-target=\"#collapse-1-30672\" href=\"#collapse-1-30672\" aria-expanded=\"false\"><div class=\"fusion-toggle-icon-wrapper\"><div class=\"fusion-toggle-icon-wrapper-main\"><div class=\"fusion-toggle-icon-wrapper-sub\"><i class=\"fa-fusion-box active-icon awb-icon-minus\" aria-hidden=\"true\"><\/i><i class=\"fa-fusion-box inactive-icon awb-icon-plus\" aria-hidden=\"true\"><\/i><\/div><\/div><\/div><div class=\"fusion-toggle-heading\">Qui sommes nous?<\/div><\/a><\/h4><\/div><div id=\"collapse-1-30672\" aria-labelledby=\"faq_1-30672\" class=\"panel-collapse collapse\"><div class=\"panel-body toggle-content post-content\"><p>Nous sommes YUYU Designs Ltd, les cr\u00e9ateurs de la bouteille YUYU et nous poss\u00e9dons yuyubottle.com. Nous sommes enregistr\u00e9s aupr\u00e8s de Companies House et le num\u00e9ro d&#8217;entreprise est 08151574. L&#8217;adresse enregistr\u00e9e est YUYU Designs Limited, Lynton House, C\/O YUYU Designs Ltd, Tavistock Squarel, Londres, Royaume-Uni, WC1H 9LT.<\/p>\n<\/div><\/div><\/div><div class=\"fusion-panel panel-default fusion-faq-post fusion-faq-post-30673 privacy-policy-fr \"><span class=\"entry-title rich-snippet-hidden\">Comment recueillons-nous des informations aupr\u00e8s de vous ?<\/span><span class=\"vcard rich-snippet-hidden\"><span class=\"fn\"><a href=\"https:\/\/yuyubottle.ch\/fr\/author\/admin\/\" title=\"Articles par admin\" rel=\"author\">admin<\/a><\/span><\/span><span class=\"updated rich-snippet-hidden\">2024-11-21T08:45:27+01:00<\/span><div class=\"panel-heading\"><h4 id=\"faq_1-30673\" class=\"panel-title toggle\"><a data-toggle=\"collapse\" class=\"collapsed\" data-parent=\"#accordian-1\" data-target=\"#collapse-1-30673\" href=\"#collapse-1-30673\" aria-expanded=\"false\"><div class=\"fusion-toggle-icon-wrapper\"><div class=\"fusion-toggle-icon-wrapper-main\"><div class=\"fusion-toggle-icon-wrapper-sub\"><i class=\"fa-fusion-box active-icon awb-icon-minus\" aria-hidden=\"true\"><\/i><i class=\"fa-fusion-box inactive-icon awb-icon-plus\" aria-hidden=\"true\"><\/i><\/div><\/div><\/div><div class=\"fusion-toggle-heading\">Comment recueillons-nous des informations aupr\u00e8s de vous ?<\/div><\/a><\/h4><\/div><div id=\"collapse-1-30673\" aria-labelledby=\"faq_1-30673\" class=\"panel-collapse collapse\"><div class=\"panel-body toggle-content post-content\"><p>Nous obtenons des informations vous concernant lorsque vous utilisez notre site Web, par exemple lorsque vous nous contactez au sujet de produits et services, passez une commande, cr\u00e9ez un compte, laissez un avis ou si vous vous inscrivez pour recevoir l&#8217;une de nos newsletters.<\/p>\n<\/div><\/div><\/div><div class=\"fusion-panel panel-default fusion-faq-post fusion-faq-post-30674 privacy-policy-fr \"><span class=\"entry-title rich-snippet-hidden\">Quel type d&#8217;informations sont collect\u00e9es aupr\u00e8s de vous ?<\/span><span class=\"vcard rich-snippet-hidden\"><span class=\"fn\"><a href=\"https:\/\/yuyubottle.ch\/fr\/author\/admin\/\" title=\"Articles par admin\" rel=\"author\">admin<\/a><\/span><\/span><span class=\"updated rich-snippet-hidden\">2024-11-21T08:45:37+01:00<\/span><div class=\"panel-heading\"><h4 id=\"faq_1-30674\" class=\"panel-title toggle\"><a data-toggle=\"collapse\" class=\"collapsed\" data-parent=\"#accordian-1\" data-target=\"#collapse-1-30674\" href=\"#collapse-1-30674\" aria-expanded=\"false\"><div class=\"fusion-toggle-icon-wrapper\"><div class=\"fusion-toggle-icon-wrapper-main\"><div class=\"fusion-toggle-icon-wrapper-sub\"><i class=\"fa-fusion-box active-icon awb-icon-minus\" aria-hidden=\"true\"><\/i><i class=\"fa-fusion-box inactive-icon awb-icon-plus\" aria-hidden=\"true\"><\/i><\/div><\/div><\/div><div class=\"fusion-toggle-heading\">Quel type d&#8217;informations sont collect\u00e9es aupr\u00e8s de vous ?<\/div><\/a><\/h4><\/div><div id=\"collapse-1-30674\" aria-labelledby=\"faq_1-30674\" class=\"panel-collapse collapse\"><div class=\"panel-body toggle-content post-content\"><p>Les informations personnelles que nous collectons peuvent inclure votre nom, votre adresse, votre adresse e-mail, votre adresse IP et des informations sur les pages consult\u00e9es et \u00e0 quel moment. Si vous achetez un produit chez nous, les informations de votre carte ne sont pas d\u00e9tenues par nous, elles sont collect\u00e9es par nos processeurs de paiement tiers, sp\u00e9cialis\u00e9s dans la capture et le traitement en ligne s\u00e9curis\u00e9s des transactions par carte de cr\u00e9dit\/d\u00e9bit, comme expliqu\u00e9 ci-dessous.<\/p>\n<\/div><\/div><\/div><div class=\"fusion-panel panel-default fusion-faq-post fusion-faq-post-30675 privacy-policy-fr \"><span class=\"entry-title rich-snippet-hidden\">Comment vos informations sont-elles utilis\u00e9es ?<\/span><span class=\"vcard rich-snippet-hidden\"><span class=\"fn\"><a href=\"https:\/\/yuyubottle.ch\/fr\/author\/admin\/\" title=\"Articles par admin\" rel=\"author\">admin<\/a><\/span><\/span><span class=\"updated rich-snippet-hidden\">2024-11-21T08:45:53+01:00<\/span><div class=\"panel-heading\"><h4 id=\"faq_1-30675\" class=\"panel-title toggle\"><a data-toggle=\"collapse\" class=\"collapsed\" data-parent=\"#accordian-1\" data-target=\"#collapse-1-30675\" href=\"#collapse-1-30675\" aria-expanded=\"false\"><div class=\"fusion-toggle-icon-wrapper\"><div class=\"fusion-toggle-icon-wrapper-main\"><div class=\"fusion-toggle-icon-wrapper-sub\"><i class=\"fa-fusion-box active-icon awb-icon-minus\" aria-hidden=\"true\"><\/i><i class=\"fa-fusion-box inactive-icon awb-icon-plus\" aria-hidden=\"true\"><\/i><\/div><\/div><\/div><div class=\"fusion-toggle-heading\">Comment vos informations sont-elles utilis\u00e9es ?<\/div><\/a><\/h4><\/div><div id=\"collapse-1-30675\" aria-labelledby=\"faq_1-30675\" class=\"panel-collapse collapse\"><div class=\"panel-body toggle-content post-content\"><p>Nous pouvons utiliser vos informations pour\u00a0:<\/p>\n<ul>\n<li>traiter les commandes que vous avez soumises\u00a0;<\/li>\n<li>pour ex\u00e9cuter nos obligations d\u00e9coulant de tout contrat conclu entre vous et nous\u00a0;<\/li>\n<li>traiter les inscriptions \u00e0 un concours\u00a0;<\/li>\n<li>solliciter votre avis ou vos commentaires sur les services ou produits que nous fournissons\u00a0;<\/li>\n<li>vous informer des modifications apport\u00e9es \u00e0 nos services\u00a0;<\/li>\n<li>vous envoyer les communications que vous avez demand\u00e9es et susceptibles de vous int\u00e9resser. Ceux-ci peuvent inclure des informations sur les nouveaut\u00e9s, telles que les lancements de nouveaux produits, les articles de blog et les promotions de nos produits et services.<\/li>\n<\/ul>\n<p>Nous r\u00e9visons r\u00e9guli\u00e8rement nos p\u00e9riodes de conservation des informations personnelles. Nous sommes l\u00e9galement tenus de d\u00e9tenir certains types d&#8217;informations pour remplir nos obligations l\u00e9gales. Par exemple, le traitement des commandes pour nos dossiers fiscaux. Nous conserverons vos informations personnelles sur nos syst\u00e8mes aussi longtemps que n\u00e9cessaire pour l&#8217;activit\u00e9 concern\u00e9e, ou aussi longtemps que pr\u00e9vu dans tout contrat pertinent que vous d\u00e9tenez avec nous.<\/p>\n<\/div><\/div><\/div><div class=\"fusion-panel panel-default fusion-faq-post fusion-faq-post-30676 privacy-policy-fr \"><span class=\"entry-title rich-snippet-hidden\">Qui a acc\u00e8s \u00e0 vos informations ?<\/span><span class=\"vcard rich-snippet-hidden\"><span class=\"fn\"><a href=\"https:\/\/yuyubottle.ch\/fr\/author\/admin\/\" title=\"Articles par admin\" rel=\"author\">admin<\/a><\/span><\/span><span class=\"updated rich-snippet-hidden\">2024-11-21T08:46:09+01:00<\/span><div class=\"panel-heading\"><h4 id=\"faq_1-30676\" class=\"panel-title toggle\"><a data-toggle=\"collapse\" class=\"collapsed\" data-parent=\"#accordian-1\" data-target=\"#collapse-1-30676\" href=\"#collapse-1-30676\" aria-expanded=\"false\"><div class=\"fusion-toggle-icon-wrapper\"><div class=\"fusion-toggle-icon-wrapper-main\"><div class=\"fusion-toggle-icon-wrapper-sub\"><i class=\"fa-fusion-box active-icon awb-icon-minus\" aria-hidden=\"true\"><\/i><i class=\"fa-fusion-box inactive-icon awb-icon-plus\" aria-hidden=\"true\"><\/i><\/div><\/div><\/div><div class=\"fusion-toggle-heading\">Qui a acc\u00e8s \u00e0 vos informations ?<\/div><\/a><\/h4><\/div><div id=\"collapse-1-30676\" aria-labelledby=\"faq_1-30676\" class=\"panel-collapse collapse\"><div class=\"panel-body toggle-content post-content\"><p>Nous ne vendrons, ne distribuerons ni ne louerons vos informations \u00e0 des tiers \u00e0 moins que nous n&#8217;ayons votre permission ou que la loi ne nous oblige \u00e0 le faire.<br \/>\nNous ne partagerons pas vos informations avec des tiers \u00e0 des fins de marketing.<\/p>\n<\/div><\/div><\/div><div class=\"fusion-panel panel-default fusion-faq-post fusion-faq-post-30603 privacy-policy-fr \"><span class=\"entry-title rich-snippet-hidden\">Fournisseurs de services tiers travaillant en notre nom :<\/span><span class=\"vcard rich-snippet-hidden\"><span class=\"fn\"><a href=\"https:\/\/yuyubottle.ch\/fr\/author\/admin\/\" title=\"Articles par admin\" rel=\"author\">admin<\/a><\/span><\/span><span class=\"updated rich-snippet-hidden\">2024-11-21T08:46:28+01:00<\/span><div class=\"panel-heading\"><h4 id=\"faq_1-30603\" class=\"panel-title toggle\"><a data-toggle=\"collapse\" class=\"collapsed\" data-parent=\"#accordian-1\" data-target=\"#collapse-1-30603\" href=\"#collapse-1-30603\" aria-expanded=\"false\"><div class=\"fusion-toggle-icon-wrapper\"><div class=\"fusion-toggle-icon-wrapper-main\"><div class=\"fusion-toggle-icon-wrapper-sub\"><i class=\"fa-fusion-box active-icon awb-icon-minus\" aria-hidden=\"true\"><\/i><i class=\"fa-fusion-box inactive-icon awb-icon-plus\" aria-hidden=\"true\"><\/i><\/div><\/div><\/div><div class=\"fusion-toggle-heading\">Fournisseurs de services tiers travaillant en notre nom :<\/div><\/a><\/h4><\/div><div id=\"collapse-1-30603\" aria-labelledby=\"faq_1-30603\" class=\"panel-collapse collapse\"><div class=\"panel-body toggle-content post-content\"><p>Nous pouvons transmettre vos informations \u00e0 nos prestataires de services tiers, agents, sous-traitants et autres organisations associ\u00e9es dans le but d&#8217;accomplir des t\u00e2ches et de vous fournir des services en votre nom (par exemple, pour traiter et livrer des commandes et vous envoyer des mailings). Cependant, lorsque nous utilisons des fournisseurs de services tiers, nous ne divulguons que les informations personnelles n\u00e9cessaires pour fournir le service et nous avons un contrat en place qui les oblige \u00e0 garder vos informations en s\u00e9curit\u00e9 et \u00e0 ne pas les utiliser \u00e0 leurs propres fins de marketing direct.<\/p>\n<p>Soyez assur\u00e9 que nous ne divulguerons pas vos informations \u00e0 des tiers au-del\u00e0 du r\u00e9seau YUYU Designs Ltd. pour qu&#8217;ils les utilisent \u00e0 leurs propres fins de marketing direct, sauf si vous avez demand\u00e9 de le faire, ou si nous sommes tenus de le faire par la loi, pour par exemple, par une ordonnance d&#8217;un tribunal ou \u00e0 des fins de pr\u00e9vention de la fraude ou d&#8217;autres d\u00e9lits.<\/p>\n<\/div><\/div><\/div><div class=\"fusion-panel panel-default fusion-faq-post fusion-faq-post-30677 privacy-policy-fr \"><span class=\"entry-title rich-snippet-hidden\">Fournisseurs de produits tiers avec lesquels nous travaillons en association<\/span><span class=\"vcard rich-snippet-hidden\"><span class=\"fn\"><a href=\"https:\/\/yuyubottle.ch\/fr\/author\/admin\/\" title=\"Articles par admin\" rel=\"author\">admin<\/a><\/span><\/span><span class=\"updated rich-snippet-hidden\">2024-11-21T08:46:39+01:00<\/span><div class=\"panel-heading\"><h4 id=\"faq_1-30677\" class=\"panel-title toggle\"><a data-toggle=\"collapse\" class=\"collapsed\" data-parent=\"#accordian-1\" data-target=\"#collapse-1-30677\" href=\"#collapse-1-30677\" aria-expanded=\"false\"><div class=\"fusion-toggle-icon-wrapper\"><div class=\"fusion-toggle-icon-wrapper-main\"><div class=\"fusion-toggle-icon-wrapper-sub\"><i class=\"fa-fusion-box active-icon awb-icon-minus\" aria-hidden=\"true\"><\/i><i class=\"fa-fusion-box inactive-icon awb-icon-plus\" aria-hidden=\"true\"><\/i><\/div><\/div><\/div><div class=\"fusion-toggle-heading\">Fournisseurs de produits tiers avec lesquels nous travaillons en association<\/div><\/a><\/h4><\/div><div id=\"collapse-1-30677\" aria-labelledby=\"faq_1-30677\" class=\"panel-collapse collapse\"><div class=\"panel-body toggle-content post-content\"><p>Lorsque vous passez une commande, votre paiement est trait\u00e9 par un processeur de paiement tiers, sp\u00e9cialis\u00e9 dans la capture et le traitement en ligne s\u00e9curis\u00e9s des transactions par carte de cr\u00e9dit\/d\u00e9bit. Si vous avez des questions concernant les transactions s\u00e9curis\u00e9es, veuillez nous contacter \u00e0\u00a0<a href=\"mailto:info@yuyubottle.com\">info@yuyubottle.com<\/a>\u00a0.<\/p>\n<p>Nous pouvons transf\u00e9rer vos informations personnelles \u00e0 un tiers dans le cadre d&#8217;une vente de tout ou partie de nos activit\u00e9s et actifs \u00e0 un tiers ou dans le cadre de toute restructuration ou r\u00e9organisation d&#8217;entreprise, ou si nous sommes dans l&#8217;obligation de divulguer ou de partager vos donn\u00e9es personnelles afin de se conformer \u00e0 toute obligation l\u00e9gale ou de faire respecter ou appliquer nos conditions d&#8217;utilisation ou de prot\u00e9ger les droits, la propri\u00e9t\u00e9 ou la s\u00e9curit\u00e9 de nos clients. Cependant, nous prendrons des mesures dans le but de garantir que vos droits \u00e0 la vie priv\u00e9e continuent d&#8217;\u00eatre prot\u00e9g\u00e9s. Nous r\u00e9pertorions parfois nos produits sur des sites Web de commerce \u00e9lectronique tiers ou les vendons \u00e0 un revendeur tiers qui peut r\u00e9pertorier nos produits en ligne ou par correspondance. Ces sites Web et soci\u00e9t\u00e9s auront leurs propres politiques et conditions de confidentialit\u00e9 et de traitement des donn\u00e9es dont nous ne sommes pas responsables et vous conseillons de les lire attentivement avant d&#8217;utiliser leurs services.<\/p>\n<\/div><\/div><\/div><\/div><\/div><\/div><\/div><\/div><\/div><\/div><\/div><div class=\"fusion-fullwidth fullwidth-box fusion-builder-row-2 fusion-flex-container has-pattern-background has-mask-background nonhundred-percent-fullwidth non-hundred-percent-height-scrolling\" style=\"--awb-border-sizes-left:0px;--awb-border-sizes-right:0px;--awb-border-radius-top-left:0px;--awb-border-radius-top-right:0px;--awb-border-radius-bottom-right:0px;--awb-border-radius-bottom-left:0px;--awb-padding-top:60px;--awb-padding-right:0px;--awb-padding-bottom:60px;--awb-padding-left:0px;--awb-flex-wrap:wrap;\" ><div class=\"fusion-builder-row fusion-row fusion-flex-align-items-flex-start fusion-flex-content-wrap\" style=\"max-width:calc( 1270px + );margin-left: calc(- \/ 2 );margin-right: calc(- \/ 2 );\"><div class=\"fusion-layout-column fusion_builder_column fusion-builder-column-1 fusion_builder_column_1_3 1_3 fusion-flex-column\" style=\"--awb-bg-size:cover;--awb-width-large:33.333333333333%;--awb-margin-top-large:0px;--awb-spacing-right-large:0px;--awb-margin-bottom-large:0px;--awb-spacing-left-large:0px;--awb-width-medium:100%;--awb-order-medium:0;--awb-width-small:100%;--awb-order-small:0;\"><div class=\"fusion-column-wrapper fusion-column-has-shadow fusion-flex-justify-content-flex-start fusion-content-layout-column\"><\/div><\/div><div class=\"fusion-layout-column fusion_builder_column fusion-builder-column-2 fusion_builder_column_1_3 1_3 fusion-flex-column\" style=\"--awb-bg-size:cover;--awb-width-large:33.333333333333%;--awb-margin-top-large:0px;--awb-spacing-right-large:0px;--awb-margin-bottom-large:0px;--awb-spacing-left-large:0px;--awb-width-medium:100%;--awb-order-medium:0;--awb-width-small:100%;--awb-order-small:0;\"><div class=\"fusion-column-wrapper fusion-column-has-shadow fusion-flex-justify-content-flex-start fusion-content-layout-column\"><div class=\"fusion-title title fusion-title-1 fusion-sep-none fusion-title-center fusion-title-text fusion-title-size-three\"><h3 class=\"fusion-title-heading title-heading-center fusion-responsive-typography-calculated\" style=\"margin:0;--fontSize:25;--minFontSize:25;line-height:1.32;\">Avoir une question?<\/h3><\/div><div class=\"fusion-text fusion-text-1\" style=\"--awb-content-alignment:center;\"><p>Veuillez nous contacter et nous vous r\u00e9pondrons dans les plus brefs d\u00e9lais.<\/p>\n<\/div><div style=\"text-align:center;\"><a class=\"fusion-button button-flat fusion-button-default-size button-default fusion-button-default button-1 fusion-button-default-span fusion-button-default-type\" target=\"_self\" href=\"https:\/\/demo.yuyubottle.ch\/contact-us\/\"><span class=\"fusion-button-text\">ENTRER EN CONTACT<\/span><\/a><\/div><\/div><\/div><div class=\"fusion-layout-column fusion_builder_column fusion-builder-column-3 fusion_builder_column_1_3 1_3 fusion-flex-column\" style=\"--awb-bg-size:cover;--awb-width-large:33.333333333333%;--awb-margin-top-large:0px;--awb-spacing-right-large:0px;--awb-margin-bottom-large:0px;--awb-spacing-left-large:0px;--awb-width-medium:100%;--awb-order-medium:0;--awb-width-small:100%;--awb-order-small:0;\"><div class=\"fusion-column-wrapper fusion-column-has-shadow fusion-flex-justify-content-flex-start fusion-content-layout-column\"><\/div><\/div><\/div><\/div><\/p>\n","protected":false},"excerpt":{"rendered":"","protected":false},"author":1,"featured_media":0,"parent":0,"menu_order":0,"comment_status":"closed","ping_status":"closed","template":"100-width.php","meta":{"footnotes":""},"class_list":["post-30670","page","type-page","status-publish","hentry"],"jetpack_sharing_enabled":true,"_links":{"self":[{"href":"https:\/\/yuyubottle.ch\/fr\/wp-json\/wp\/v2\/pages\/30670","targetHints":{"allow":["GET"]}}],"collection":[{"href":"https:\/\/yuyubottle.ch\/fr\/wp-json\/wp\/v2\/pages"}],"about":[{"href":"https:\/\/yuyubottle.ch\/fr\/wp-json\/wp\/v2\/types\/page"}],"author":[{"embeddable":true,"href":"https:\/\/yuyubottle.ch\/fr\/wp-json\/wp\/v2\/users\/1"}],"replies":[{"embeddable":true,"href":"https:\/\/yuyubottle.ch\/fr\/wp-json\/wp\/v2\/comments?post=30670"}],"version-history":[{"count":3,"href":"https:\/\/yuyubottle.ch\/fr\/wp-json\/wp\/v2\/pages\/30670\/revisions"}],"predecessor-version":[{"id":31214,"href":"https:\/\/yuyubottle.ch\/fr\/wp-json\/wp\/v2\/pages\/30670\/revisions\/31214"}],"wp:attachment":[{"href":"https:\/\/yuyubottle.ch\/fr\/wp-json\/wp\/v2\/media?parent=30670"}],"curies":[{"name":"wp","href":"https:\/\/api.w.org\/{rel}","templated":true}]}}