{"id":31330,"date":"2025-01-24T12:56:19","date_gmt":"2025-01-24T11:56:19","guid":{"rendered":"https:\/\/yuyubottle.ch\/?page_id=31330"},"modified":"2025-01-27T08:03:53","modified_gmt":"2025-01-27T07:03:53","slug":"events","status":"publish","type":"page","link":"https:\/\/yuyubottle.ch\/fr\/events\/","title":{"rendered":"Events"},"content":{"rendered":"<p><div class=\"fusion-fullwidth fullwidth-box fusion-builder-row-1 fusion-flex-container has-pattern-background has-mask-background fusion-parallax-none nonhundred-percent-fullwidth hundred-percent-height hundred-percent-height-center-content non-hundred-percent-height-scrolling lazyload\" style=\"--awb-background-blend-mode:overlay;--awb-border-radius-top-left:0px;--awb-border-radius-top-right:0px;--awb-border-radius-bottom-right:0px;--awb-border-radius-bottom-left:0px;--awb-padding-top:0px;--awb-padding-bottom:0px;--awb-padding-top-medium:80px;--awb-padding-bottom-medium:80px;--awb-padding-top-small:30px;--awb-padding-bottom-small:30px;--awb-margin-top:;--awb-background-color:#181b207a;--awb-background-size:cover;--awb-flex-wrap:wrap;\" data-bg=\"https:\/\/yuyubottle.ch\/wp-content\/uploads\/2025\/01\/Yuyu_July_GB_130-scaled.jpg\" ><div class=\"fusion-builder-row fusion-row fusion-flex-align-items-center fusion-flex-align-content-flex-end fusion-flex-content-wrap\" style=\"max-width:calc( 1270px + );margin-left: calc(- \/ 2 );margin-right: calc(- \/ 2 );\"><div class=\"fusion-layout-column fusion_builder_column fusion-builder-column-0 fusion_builder_column_1_3 1_3 fusion-flex-column\" style=\"--awb-bg-size:cover;--awb-width-large:33.333333333333%;--awb-margin-top-large:10px;--awb-margin-bottom-large:10px;--awb-width-medium:100%;--awb-width-small:100%;\"><div class=\"fusion-column-wrapper fusion-column-has-shadow fusion-flex-justify-content-flex-start fusion-content-layout-column\"><div class=\"fusion-image-element \" style=\"--awb-caption-title-font-family:var(--h2_typography-font-family);--awb-caption-title-font-weight:var(--h2_typography-font-weight);--awb-caption-title-font-style:var(--h2_typography-font-style);--awb-caption-title-size:var(--h2_typography-font-size);--awb-caption-title-transform:var(--h2_typography-text-transform);--awb-caption-title-line-height:var(--h2_typography-line-height);--awb-caption-title-letter-spacing:var(--h2_typography-letter-spacing);\"><span class=\" fusion-imageframe imageframe-none imageframe-1 hover-type-none\"><img decoding=\"async\" width=\"3344\" height=\"1767\" title=\"FEA_GOM_Logo_gruen\" src=\"https:\/\/yuyubottle.ch\/wp-content\/uploads\/2025\/01\/FEA_GOM_Logo_gruen.png\" data-orig-src=\"https:\/\/yuyubottle.ch\/wp-content\/uploads\/2025\/01\/FEA_GOM_Logo_gruen.png\" class=\"lazyload img-responsive wp-image-31293\" srcset=\"data:image\/svg+xml,%3Csvg%20xmlns%3D%27http%3A%2F%2Fwww.w3.org%2F2000%2Fsvg%27%20width%3D%273344%27%20height%3D%271767%27%20viewBox%3D%270%200%203344%201767%27%3E%3Crect%20width%3D%273344%27%20height%3D%271767%27%20fill-opacity%3D%220%22%2F%3E%3C%2Fsvg%3E\" data-srcset=\"https:\/\/yuyubottle.ch\/wp-content\/uploads\/2025\/01\/FEA_GOM_Logo_gruen-200x106.png 200w, https:\/\/yuyubottle.ch\/wp-content\/uploads\/2025\/01\/FEA_GOM_Logo_gruen-400x211.png 400w, https:\/\/yuyubottle.ch\/wp-content\/uploads\/2025\/01\/FEA_GOM_Logo_gruen-600x317.png 600w, https:\/\/yuyubottle.ch\/wp-content\/uploads\/2025\/01\/FEA_GOM_Logo_gruen-800x423.png 800w, https:\/\/yuyubottle.ch\/wp-content\/uploads\/2025\/01\/FEA_GOM_Logo_gruen-1200x634.png 1200w, https:\/\/yuyubottle.ch\/wp-content\/uploads\/2025\/01\/FEA_GOM_Logo_gruen.png 3344w\" data-sizes=\"auto\" data-orig-sizes=\"(max-width: 1024px) 100vw, (max-width: 640px) 100vw, 600px\" data-orig- alt=\"\"><\/span><\/div><\/div><\/div><div class=\"fusion-layout-column fusion_builder_column fusion-builder-column-1 fusion_builder_column_2_3 2_3 fusion-flex-column fusion-no-small-visibility fusion-animated\" style=\"--awb-padding-top:60px;--awb-bg-size:cover;--awb-width-large:66.666666666667%;--awb-margin-top-large:0px;--awb-margin-bottom-large:15%;--awb-width-medium:100%;--awb-order-medium:0;--awb-width-small:100%;--awb-order-small:0;--awb-spacing-right-small:calc( 0 * calc( 100% - ) );--awb-spacing-left-small:calc( 0 * calc( 100% - ) );\" data-animationType=\"fadeInDown\" data-animationDuration=\"0.8\" data-animationOffset=\"top-into-view\" data-scroll-devices=\"small-visibility,medium-visibility,large-visibility\"><div class=\"fusion-column-wrapper fusion-column-has-shadow fusion-flex-justify-content-flex-start fusion-content-layout-column\"><div class=\"fusion-title title fusion-title-1 fusion-sep-none fusion-title-center fusion-title-text fusion-title-size-one\" style=\"--awb-text-color:var(--awb-color1);--awb-margin-bottom:72px;--awb-margin-bottom-small:24px;\"><h1 class=\"fusion-title-heading title-heading-center fusion-responsive-typography-calculated\" style=\"margin:0;--fontSize:70;line-height:var(--awb-typography1-line-height);\">YUYU au Golfmesse Zurich 2025<\/h1><\/div><\/div><\/div><div class=\"fusion-layout-column fusion_builder_column fusion-builder-column-2 fusion_builder_column_2_3 2_3 fusion-flex-column fusion-no-medium-visibility fusion-no-large-visibility fusion-animated\" style=\"--awb-bg-size:cover;--awb-width-large:66.666666666667%;--awb-margin-top-large:0px;--awb-margin-bottom-large:15%;--awb-width-medium:100%;--awb-order-medium:0;--awb-width-small:100%;--awb-order-small:0;--awb-margin-top-small:55%;--awb-spacing-right-small:calc( 0 * calc( 100% - ) );--awb-margin-bottom-small:30%;--awb-spacing-left-small:calc( 0 * calc( 100% - ) );\" data-animationType=\"fadeInDown\" data-animationDuration=\"0.8\" data-animationOffset=\"top-into-view\" data-scroll-devices=\"small-visibility,medium-visibility,large-visibility\"><div class=\"fusion-column-wrapper fusion-column-has-shadow fusion-flex-justify-content-flex-start fusion-content-layout-column\"><div class=\"fusion-title title fusion-title-2 fusion-sep-none fusion-title-center fusion-title-text fusion-title-size-one\" style=\"--awb-text-color:var(--awb-color1);--awb-margin-top:80px;--awb-margin-bottom:80px;--awb-margin-bottom-small:24px;--awb-font-size:40px;\"><h1 class=\"fusion-title-heading title-heading-center fusion-responsive-typography-calculated\" style=\"margin:0;font-size:1em;--fontSize:40;line-height:var(--awb-typography1-line-height);\">YUYU au Golfmesse Zurich 2025<\/h1><\/div><\/div><\/div><div class=\"fusion-layout-column fusion_builder_column fusion-builder-column-3 fusion_builder_column_1_6 1_6 fusion-flex-column\" style=\"--awb-bg-size:cover;--awb-width-large:16.666666666667%;--awb-margin-top-large:10px;--awb-margin-bottom-large:10PX;--awb-width-medium:100%;--awb-width-small:100%;\"><div class=\"fusion-column-wrapper fusion-column-has-shadow fusion-flex-justify-content-flex-start fusion-content-layout-column\"><\/div><\/div><\/div><\/div><div class=\"fusion-fullwidth fullwidth-box fusion-builder-row-2 fusion-flex-container nonhundred-percent-fullwidth non-hundred-percent-height-scrolling\" style=\"--awb-border-radius-top-left:0px;--awb-border-radius-top-right:0px;--awb-border-radius-bottom-right:0px;--awb-border-radius-bottom-left:0px;--awb-padding-top:5%;--awb-padding-bottom:5%;--awb-padding-top-medium:20px;--awb-padding-right-small:0px;--awb-padding-left-small:0px;--awb-background-image:linear-gradient(0deg, rgba(255,255,255,0) 50%,var(--awb-color2) 50%);--awb-flex-wrap:wrap;\" ><div class=\"fusion-builder-row fusion-row fusion-flex-align-items-flex-start fusion-flex-content-wrap\" style=\"max-width:calc( 1270px + );margin-left: calc(- \/ 2 );margin-right: calc(- \/ 2 );\"><div class=\"fusion-layout-column fusion_builder_column fusion-builder-column-4 fusion_builder_column_1_1 1_1 fusion-flex-column\" style=\"--awb-padding-top:100px;--awb-bg-size:cover;--awb-width-large:100%;--awb-margin-top-large:0px;--awb-margin-bottom-large:0px;--awb-width-medium:100%;--awb-order-medium:0;--awb-margin-top-medium:0px;--awb-margin-bottom-medium:0px;--awb-width-small:100%;--awb-order-small:0;\" data-scroll-devices=\"small-visibility,medium-visibility,large-visibility\"><div class=\"fusion-column-wrapper lazyload fusion-column-has-shadow fusion-flex-justify-content-flex-start fusion-content-layout-column fusion-column-has-bg-image\" data-bg-url=\"https:\/\/yuyubottle.ch\/wp-content\/uploads\/2024\/10\/YUYU-ICE-Recovery-Formula-1.webp\" data-bg=\"https:\/\/yuyubottle.ch\/wp-content\/uploads\/2024\/10\/YUYU-ICE-Recovery-Formula-1.webp\"><div class=\"fusion-separator fusion-no-small-visibility fusion-full-width-sep\" style=\"align-self: center;margin-left: auto;margin-right: auto;margin-top:12%;margin-bottom:100px;width:100%;\"><\/div><div class=\"fusion-builder-row fusion-builder-row-inner fusion-row fusion-flex-align-items-flex-start fusion-flex-content-wrap\" style=\"width:calc( 100% + ) !important;max-width:calc( 100% + ) !important;margin-left: calc(- \/ 2 );margin-right: calc(- \/ 2 );\"><div class=\"fusion-layout-column fusion_builder_column_inner fusion-builder-nested-column-0 fusion_builder_column_inner_1_2 1_2 fusion-flex-column\" style=\"--awb-padding-top:8%;--awb-padding-right:12%;--awb-padding-bottom:6%;--awb-padding-left:12%;--awb-bg-color:var(--awb-color1);--awb-bg-color-hover:var(--awb-color1);--awb-bg-size:cover;--awb-width-large:50%;--awb-margin-top-large:0px;--awb-margin-bottom-large:0px;--awb-width-medium:50%;--awb-width-small:75%;\"><div class=\"fusion-column-wrapper fusion-column-has-shadow fusion-flex-justify-content-flex-start fusion-content-layout-column\"><div class=\"fusion-title title fusion-title-3 fusion-sep-none fusion-title-text fusion-title-size-three\" style=\"--awb-text-color:var(--awb-color7);\"><h3 class=\"fusion-title-heading title-heading-left fusion-responsive-typography-calculated\" style=\"margin:0;--fontSize:25;--minFontSize:25;line-height:1.32;\">Golfmesse Z\u00fcrich<\/h3><\/div><div class=\"fusion-text fusion-text-1 paragraph-small\"><p>Rejoignez-nous au Golfmesse pour d\u00e9couvrir les bouteilles r\u00e9volutionnaires YUYU, con\u00e7ues pour <strong>les athl\u00e8tes, les amateurs de fitness et les personnes en qu\u00eate de relaxation<\/strong>. Que ce soit pour un refroidissement cibl\u00e9 pendant les sessions de golf intenses ou une chaleur apaisante apr\u00e8s une partie, YUYU propose la solution id\u00e9ale \u00e0 vos besoins.<\/p>\n<\/div><div class=\"fusion-separator\" style=\"align-self: flex-start;margin-right:auto;margin-top:12px;margin-bottom:12px;width:100%;max-width:16px;\"><div class=\"fusion-separator-border sep-single sep-solid\" style=\"--awb-height:20px;--awb-amount:20px;border-color:var(--awb-color3);border-top-width:3px;\"><\/div><\/div><div class=\"fusion-title title fusion-title-4 fusion-sep-none fusion-title-text fusion-title-size-six\" style=\"--awb-text-color:hsla(var(--awb-color7-h),var(--awb-color7-s),var(--awb-color7-l),calc( var(--awb-color7-a) - 60% ));--awb-margin-top:12px;--awb-margin-bottom:6px;--awb-margin-bottom-small:6px;\"><h6 class=\"fusion-title-heading title-heading-left fusion-responsive-typography-calculated\" style=\"margin:0;text-transform:var(--awb-typography2-text-transform);--fontSize:12;--minFontSize:12;line-height:var(--awb-typography2-line-height);\">D\u00e9tails de l\u2019\u00e9v\u00e9nement<\/h6><\/div><div class=\"fusion-text fusion-text-2 paragraph-small\"><p><strong>Dates :<\/strong> 30 janvier &#8211; 2 f\u00e9vrier 2025<\/p>\n<p><strong>Lieu :<\/strong> Messe Zurich<\/p>\n<p><strong>Stand :<\/strong> Halle 5, Stand G.036<\/p>\n<\/div><div class=\"fusion-title title fusion-title-5 fusion-sep-none fusion-title-text fusion-title-size-six\" style=\"--awb-text-color:hsla(var(--awb-color7-h),var(--awb-color7-s),var(--awb-color7-l),calc( var(--awb-color7-a) - 60% ));--awb-margin-top:12px;--awb-margin-bottom:6px;--awb-margin-bottom-small:6px;\"><h6 class=\"fusion-title-heading title-heading-left fusion-responsive-typography-calculated\" style=\"margin:0;text-transform:var(--awb-typography2-text-transform);--fontSize:12;--minFontSize:12;line-height:var(--awb-typography2-line-height);\">Pourquoi venir nous voir ?<\/h6><\/div><div class=\"fusion-text fusion-text-3 paragraph-small\"><ul>\n<li><strong>Innovative Products:<\/strong> Explore our cutting-edge hot and cold therapy bottles, perfect for enhancing your performance and recovery on and off the golf course.<\/li>\n<li><strong>Live Demonstrations:<\/strong> See our products in action and learn how they can improve your wellness routine.<\/li>\n<li><strong>Exclusive Offers:<\/strong> Take advantage of special deals and promotions available only at the event.<\/li>\n<\/ul>\n<\/div><\/div><\/div><div class=\"fusion-layout-column fusion_builder_column_inner fusion-builder-nested-column-1 fusion_builder_column_inner_1_2 1_2 fusion-flex-column fusion-no-small-visibility fusion-no-medium-visibility\" style=\"--awb-bg-size:cover;--awb-width-large:50%;--awb-margin-top-large:5px;--awb-margin-bottom-large:0px;--awb-width-medium:100%;--awb-width-small:100%;\"><div class=\"fusion-column-wrapper fusion-column-has-shadow fusion-flex-justify-content-flex-start fusion-content-layout-column\"><\/div><\/div><\/div><\/div><\/div><\/div><\/div><div class=\"fusion-fullwidth fullwidth-box fusion-builder-row-3 fusion-flex-container has-pattern-background has-mask-background nonhundred-percent-fullwidth non-hundred-percent-height-scrolling\" style=\"--awb-border-radius-top-left:0px;--awb-border-radius-top-right:0px;--awb-border-radius-bottom-right:0px;--awb-border-radius-bottom-left:0px;--awb-padding-bottom:100px;--awb-flex-wrap:wrap;\" ><div class=\"fusion-builder-row fusion-row fusion-flex-align-items-flex-start fusion-flex-content-wrap\" style=\"max-width:calc( 1270px + );margin-left: calc(- \/ 2 );margin-right: calc(- \/ 2 );\"><div class=\"fusion-layout-column fusion_builder_column fusion-builder-column-5 fusion_builder_column_1_1 1_1 fusion-flex-column\" style=\"--awb-bg-size:cover;--awb-width-large:100%;--awb-margin-top-large:0px;--awb-margin-bottom-large:0px;--awb-width-medium:100%;--awb-order-medium:0;--awb-width-small:100%;--awb-order-small:0;\"><div class=\"fusion-column-wrapper fusion-column-has-shadow fusion-flex-justify-content-flex-start fusion-content-layout-column\"><div class=\"fusion-title title fusion-title-6 fusion-sep-none fusion-title-center fusion-title-text fusion-title-size-two\"><h2 class=\"fusion-title-heading title-heading-center fusion-responsive-typography-calculated\" style=\"margin:0;--fontSize:40;line-height:1.26;\">\u00c0 propos du Golfmesse Zurich<\/h2><\/div><div class=\"fusion-text fusion-text-4\" style=\"--awb-content-alignment:center;\"><p>Le Golfmesse est le rendez-vous incontournable de la communaut\u00e9 golfique. Vous y d\u00e9couvrirez les derni\u00e8res destinations de golf, des \u00e9quipements de pointe et de nombreuses opportunit\u00e9s passionnantes pour les golfeurs de tous niveaux.<\/p>\n<p>Ne manquez pas cette occasion de rencontrer YUYU et d\u2019am\u00e9liorer votre exp\u00e9rience de golf gr\u00e2ce \u00e0 nos produits innovants. Nous avons h\u00e2te de vous y voir !<\/p>\n<p><strong>R\u00e9servez vos billets d\u00e8s maintenant :<\/strong> <a href=\"https:\/\/online.bernexpo.ch\/webshop\/242\/tickets\" target=\"_blank\" rel=\"noopener\">https:\/\/online.bernexpo.ch\/webshop\/242\/tickets\u00a0<\/a><\/p>\n<p>Pour plus d\u2019informations sur le Golfmesse et la FESPO, visitez leur site officiel.<\/p>\n<p><strong>Restez au chaud, restez au frais, restez au top avec YUYU !<\/strong><\/p>\n<\/div><\/div><\/div><\/div><\/div><\/p>\n","protected":false},"excerpt":{"rendered":"","protected":false},"author":1,"featured_media":0,"parent":0,"menu_order":0,"comment_status":"closed","ping_status":"closed","template":"","meta":{"footnotes":""},"class_list":["post-31330","page","type-page","status-publish","hentry"],"jetpack_sharing_enabled":true,"_links":{"self":[{"href":"https:\/\/yuyubottle.ch\/fr\/wp-json\/wp\/v2\/pages\/31330","targetHints":{"allow":["GET"]}}],"collection":[{"href":"https:\/\/yuyubottle.ch\/fr\/wp-json\/wp\/v2\/pages"}],"about":[{"href":"https:\/\/yuyubottle.ch\/fr\/wp-json\/wp\/v2\/types\/page"}],"author":[{"embeddable":true,"href":"https:\/\/yuyubottle.ch\/fr\/wp-json\/wp\/v2\/users\/1"}],"replies":[{"embeddable":true,"href":"https:\/\/yuyubottle.ch\/fr\/wp-json\/wp\/v2\/comments?post=31330"}],"version-history":[{"count":4,"href":"https:\/\/yuyubottle.ch\/fr\/wp-json\/wp\/v2\/pages\/31330\/revisions"}],"predecessor-version":[{"id":31353,"href":"https:\/\/yuyubottle.ch\/fr\/wp-json\/wp\/v2\/pages\/31330\/revisions\/31353"}],"wp:attachment":[{"href":"https:\/\/yuyubottle.ch\/fr\/wp-json\/wp\/v2\/media?parent=31330"}],"curies":[{"name":"wp","href":"https:\/\/api.w.org\/{rel}","templated":true}]}}