{"id":30750,"date":"2024-10-24T13:16:59","date_gmt":"2024-10-24T11:16:59","guid":{"rendered":"https:\/\/yuyubottle.ch\/product\/yuyu-ice-pulse-ocean\/"},"modified":"2024-11-22T06:24:06","modified_gmt":"2024-11-22T05:24:06","slug":"yuyu-ice-pulse-ocean","status":"publish","type":"product","link":"https:\/\/yuyubottle.ch\/fr\/produit\/yuyu-ice-pulse-ocean\/","title":{"rendered":"YUYU Ice Pulse | Ocean"},"content":{"rendered":"<p><div class=\"fusion-fullwidth fullwidth-box fusion-builder-row-1 fusion-flex-container has-pattern-background has-mask-background nonhundred-percent-fullwidth non-hundred-percent-height-scrolling\" style=\"--awb-border-radius-top-left:0px;--awb-border-radius-top-right:0px;--awb-border-radius-bottom-right:0px;--awb-border-radius-bottom-left:0px;--awb-padding-top:80px;--awb-padding-bottom:0px;--awb-margin-bottom:0px;--awb-background-color:var(--awb-color4);--awb-flex-wrap:wrap;\" ><div class=\"fusion-builder-row fusion-row fusion-flex-align-items-center fusion-flex-content-wrap\" style=\"max-width:calc( 1270px + );margin-left: calc(- \/ 2 );margin-right: calc(- \/ 2 );\"><div class=\"fusion-layout-column fusion_builder_column fusion-builder-column-0 fusion_builder_column_1_1 1_1 fusion-flex-column fusion-flex-align-self-center\" style=\"--awb-bg-size:cover;--awb-width-large:100%;--awb-margin-top-large:0px;--awb-spacing-right-large:0px;--awb-margin-bottom-large:0px;--awb-spacing-left-large:0px;--awb-width-medium:100%;--awb-order-medium:0;--awb-width-small:100%;--awb-order-small:0;\"><div class=\"fusion-column-wrapper fusion-column-has-shadow fusion-flex-justify-content-flex-start fusion-content-layout-column\"><div class=\"fusion-title title fusion-title-1 fusion-sep-none fusion-title-text fusion-title-size-two\" style=\"--awb-text-color:var(--awb-color1);\"><h2 class=\"fusion-title-heading title-heading-left fusion-responsive-typography-calculated\" style=\"margin:0;--fontSize:40;line-height:1.26;\">VERWENDUNG<\/h2><\/div><div class=\"fusion-text fusion-text-1\" style=\"--awb-text-color:var(--awb-color1);\"><p>L\u2019Ice Pulse prend moins de 3 cuill\u00e8res \u00e0 soupe d\u2019eau. Il met le m\u00eame temps \u00e0 geler qu&#8217;un gla\u00e7on !<br \/>\nIl suffit de remplir, de congeler et de porter.<\/p>\n<\/div><div class=\"fusion-content-boxes content-boxes columns row fusion-columns-3 fusion-columns-total-3 fusion-content-boxes-1 content-boxes-icon-on-top content-left has-flex-alignment fusion-content-box\" style=\"--awb-alignment:flex-start;--awb-body-color:var(--awb-color1);--awb-title-color:var(--awb-color3);--awb-hover-accent-color:var(--awb-color3);--awb-circle-hover-accent-color:var(--awb-color3);\" data-animationOffset=\"top-into-view\"><div style=\"--awb-backgroundcolor:rgba(255,255,255,0);\" class=\"fusion-column content-box-column content-box-column content-box-column-1 col-lg-4 col-md-4 col-sm-4 fusion-content-box-hover content-box-column-first-in-row\"><div class=\"col content-box-wrapper content-wrapper link-area-link-icon content-icon-wrapper-yes icon-hover-animation-fade\" data-animationOffset=\"top-into-view\"><div class=\"heading heading-with-icon icon-left\"><div aria-hidden=\"true\" class=\"image\"><img decoding=\"async\" class=\"lazyload\" src=\"data:image\/svg+xml,%3Csvg%20xmlns%3D%27http%3A%2F%2Fwww.w3.org%2F2000%2Fsvg%27%20width%3D%271001%27%20height%3D%271001%27%20viewBox%3D%270%200%201001%201001%27%3E%3Crect%20width%3D%271001%27%20height%3D%271001%27%20fill-opacity%3D%220%22%2F%3E%3C%2Fsvg%3E\" data-orig-src=\"https:\/\/demo.yuyubottle.ch\/wp-content\/uploads\/2024\/10\/Yuyu-Icon-Switzerland-Fill-It-2x.png\" width=\"300\" height=\"300\" alt=\"\"><\/div><h3 class=\"content-box-heading fusion-responsive-typography-calculated\" style=\"--h3_typography-font-size:24px;--fontSize:24;line-height:1.32;\">1. REMPLISSEZ-LE<\/h3><\/div><div class=\"fusion-clearfix\"><\/div><div class=\"content-container\">Unter den Wasserhahn halten und einf\u00fcllen. Anschlie\u00dfend die Klappe zudr\u00fccken.<\/div><\/div><\/div><div style=\"--awb-backgroundcolor:rgba(255,255,255,0);\" class=\"fusion-column content-box-column content-box-column content-box-column-2 col-lg-4 col-md-4 col-sm-4 fusion-content-box-hover \"><div class=\"col content-box-wrapper content-wrapper link-area-link-icon content-icon-wrapper-yes icon-hover-animation-fade\" data-animationOffset=\"top-into-view\"><div class=\"heading heading-with-icon icon-left\"><div aria-hidden=\"true\" class=\"image\"><img decoding=\"async\" class=\"lazyload\" src=\"data:image\/svg+xml,%3Csvg%20xmlns%3D%27http%3A%2F%2Fwww.w3.org%2F2000%2Fsvg%27%20width%3D%271001%27%20height%3D%271001%27%20viewBox%3D%270%200%201001%201001%27%3E%3Crect%20width%3D%271001%27%20height%3D%271001%27%20fill-opacity%3D%220%22%2F%3E%3C%2Fsvg%3E\" data-orig-src=\"https:\/\/demo.yuyubottle.ch\/wp-content\/uploads\/2024\/10\/Yuyu-Icon-Switzerland-Freeze-It-2x.png\" width=\"300\" height=\"300\" alt=\"\"><\/div><h3 class=\"content-box-heading fusion-responsive-typography-calculated\" style=\"--h3_typography-font-size:24px;--fontSize:24;line-height:1.32;\">2. CONGELER<\/h3><\/div><div class=\"fusion-clearfix\"><\/div><div class=\"content-container\">Placer au cong\u00e9lateur jusqu&#8217;\u00e0 ce qu&#8217;il soit congel\u00e9.<\/div><\/div><\/div><div style=\"--awb-backgroundcolor:rgba(255,255,255,0);\" class=\"fusion-column content-box-column content-box-column content-box-column-3 col-lg-4 col-md-4 col-sm-4 fusion-content-box-hover content-box-column-last content-box-column-last-in-row\"><div class=\"col content-box-wrapper content-wrapper link-area-link-icon content-icon-wrapper-yes icon-hover-animation-fade\" data-animationOffset=\"top-into-view\"><div class=\"heading heading-with-icon icon-left\"><div aria-hidden=\"true\" class=\"image\"><img decoding=\"async\" class=\"lazyload\" src=\"data:image\/svg+xml,%3Csvg%20xmlns%3D%27http%3A%2F%2Fwww.w3.org%2F2000%2Fsvg%27%20width%3D%271001%27%20height%3D%271001%27%20viewBox%3D%270%200%201001%201001%27%3E%3Crect%20width%3D%271001%27%20height%3D%271001%27%20fill-opacity%3D%220%22%2F%3E%3C%2Fsvg%3E\" data-orig-src=\"https:\/\/demo.yuyubottle.ch\/wp-content\/uploads\/2024\/10\/Yuyu-Icon-Switzerland-Wear-It-2x.png\" width=\"300\" height=\"300\" alt=\"\"><\/div><h3 class=\"content-box-heading fusion-responsive-typography-calculated\" style=\"--h3_typography-font-size:24px;--fontSize:24;line-height:1.32;\">3. PORTEZ-LE<\/h3><\/div><div class=\"fusion-clearfix\"><\/div><div class=\"content-container\">Placer sur les veines cl\u00e9s.<\/div><\/div><\/div><div class=\"fusion-clearfix\"><\/div><\/div><\/div><\/div><\/div><\/div><div class=\"fusion-fullwidth fullwidth-box fusion-builder-row-2 fusion-flex-container has-pattern-background has-mask-background hundred-percent-fullwidth non-hundred-percent-height-scrolling\" style=\"--awb-border-radius-top-left:0px;--awb-border-radius-top-right:0px;--awb-border-radius-bottom-right:0px;--awb-border-radius-bottom-left:0px;--awb-margin-top:50px;--awb-margin-bottom:50px;--awb-flex-wrap:wrap;\" ><div class=\"fusion-builder-row fusion-row fusion-flex-align-items-flex-start fusion-flex-content-wrap\" style=\"width:calc( 100% + ) !important;max-width:calc( 100% + ) !important;margin-left: calc(- \/ 2 );margin-right: calc(- \/ 2 );\"><div class=\"fusion-layout-column fusion_builder_column fusion-builder-column-1 fusion_builder_column_1_1 1_1 fusion-flex-column\" style=\"--awb-bg-size:cover;--awb-width-large:100%;--awb-margin-top-large:0px;--awb-spacing-right-large:0px;--awb-margin-bottom-large:0px;--awb-spacing-left-large:0px;--awb-width-medium:100%;--awb-order-medium:0;--awb-width-small:100%;--awb-order-small:0;\"><div class=\"fusion-column-wrapper fusion-column-has-shadow fusion-flex-justify-content-flex-start fusion-content-layout-column\"><div class=\"fusion-title title fusion-title-2 fusion-sep-none fusion-title-center fusion-title-text fusion-title-size-four\"><h4 class=\"fusion-title-heading title-heading-center fusion-responsive-typography-calculated\" style=\"margin:0;--fontSize:22;--minFontSize:22;line-height:1.34;\">FAITES L&#8217;EXP\u00c9RIENCE DU REFROIDISSEMENT CIBL\u00c9<\/h4><\/div><div class=\"fusion-title title fusion-title-3 fusion-sep-none fusion-title-center fusion-title-text fusion-title-size-two\" style=\"--awb-margin-bottom:50px;\"><h2 class=\"fusion-title-heading title-heading-center fusion-responsive-typography-calculated\" style=\"margin:0;--fontSize:40;line-height:1.26;\">Avantages de l&#8217;impulsion de glace<\/h2><\/div><div class=\"fusion-flip-boxes flip-boxes row fusion-columns-4 flip-effect-classic\" style=\"--awb-flip-duration:2.0s;\"><div class=\"fusion-flip-box-wrapper fusion-column col-lg-3 col-md-3 col-sm-3\"><div class=\"fusion-flip-box flip-right\" tabindex=\"0\"><div class=\"flip-box-inner-wrapper\"><div class=\"flip-box-front\" style=\"--awb-background-color-front:var(--awb-color4);\"><div class=\"flip-box-front-inner\"><h2 class=\"flip-box-heading\">Refroidissement rapide<\/h2> <\/div><\/div><div class=\"flip-box-back\" style=\"--awb-background-color-back:var(--awb-custom_color_2);\"><div class=\"flip-box-back-inner\"><h3 class=\"flip-box-heading-back\">Refroidissement rapide<\/h3>Portez l&#8217;Ice Pulse sur les veines cl\u00e9s, comme \u00e0 l&#8217;int\u00e9rieur de vos bras, pour refroidir rapidement votre sang et r\u00e9duire la temp\u00e9rature corporelle centrale.<\/div><\/div><\/div><\/div><\/div><div class=\"fusion-flip-box-wrapper fusion-column col-lg-3 col-md-3 col-sm-3\"><div class=\"fusion-flip-box flip-right\" tabindex=\"0\"><div class=\"flip-box-inner-wrapper\"><div class=\"flip-box-front\" style=\"--awb-background-color-front:var(--awb-color4);\"><div class=\"flip-box-front-inner\"><h2 class=\"flip-box-heading\">Pratique et s\u00fbr<\/h2> <\/div><\/div><div class=\"flip-box-back\" style=\"--awb-background-color-back:var(--awb-color5);\"><div class=\"flip-box-back-inner\"><h3 class=\"flip-box-heading-back\">Pratique et s\u00fbr<\/h3>Facile \u00e0 remplir avec un peu plus de 30 ml (3 cuill\u00e8res \u00e0 soupe) d&#8217;eau, l&#8217;Ice Pulse est con\u00e7u pour plus de commodit\u00e9. Rangez-le simplement dans votre cong\u00e9lateur et utilisez la sangle r\u00e9glable pour le porter confortablement en cas de besoin.<\/div><\/div><\/div><\/div><\/div><div class=\"fusion-flip-box-wrapper fusion-column col-lg-3 col-md-3 col-sm-3\"><div class=\"fusion-flip-box flip-right\" tabindex=\"0\"><div class=\"flip-box-inner-wrapper\"><div class=\"flip-box-front\" style=\"--awb-background-color-front:var(--awb-color4);\"><div class=\"flip-box-front-inner\"><h2 class=\"flip-box-heading\">Temp\u00e9rature optimale<\/h2> <\/div><\/div><div class=\"flip-box-back\" style=\"--awb-background-color-back:var(--awb-custom_color_1);\"><div class=\"flip-box-back-inner\"><h3 class=\"flip-box-heading-back\">Temp\u00e9rature optimale<\/h3>En maintenant une plage de temp\u00e9rature optimale de 8 \u00e0 25 \u00b0C pendant 90 minutes maximum, l&#8217;Ice Pulse offre un refroidissement durable, soutenu par la recherche scientifique pour garantir un soulagement s\u00fbr et efficace.<\/div><\/div><\/div><\/div><\/div><div class=\"fusion-flip-box-wrapper fusion-column col-lg-3 col-md-3 col-sm-3\"><div class=\"fusion-flip-box flip-right\" tabindex=\"0\"><div class=\"flip-box-inner-wrapper\"><div class=\"flip-box-front\" style=\"--awb-background-color-front:var(--awb-color4);\"><div class=\"flip-box-front-inner\"><h2 class=\"flip-box-heading\">Technologie innovante<\/h2> <\/div><\/div><div class=\"flip-box-back\" style=\"--awb-background-color-back:var(--awb-custom_color_2);\"><div class=\"flip-box-back-inner\"><h3 class=\"flip-box-heading-back\">Technologie innovante<\/h3>Gr\u00e2ce \u00e0 une technologie brevet\u00e9e au niveau international, l&#8217;Ice Pulse offre un refroidissement contr\u00f4l\u00e9 sans risque de refroidissement excessif. Sa conception innovante garantit qu&#8217;il vous garde confortablement au frais, m\u00eame pendant que vous dormez.<\/div><\/div><\/div><\/div><\/div><\/div><\/div><\/div><\/div><\/div><\/p>\n","protected":false},"excerpt":{"rendered":"<p class=\"p1\"><strong>Refroidissement Pr\u00e9cis pour un Soulagement Cibl\u00e9<\/strong><\/p>\n<p class=\"p1\">Le Ice Pulse refroidit efficacement le sang en ciblant les veines principales, ce qui aide \u00e0 r\u00e9duire la temp\u00e9rature corporelle centrale. Il est parfait pour g\u00e9rer le stress, les sueurs nocturnes et la surchauffe, offrant un soulagement constant pour un confort quotidien.<\/p>\n<p class=\"p1\"><strong>Restez Frais, Gardez le Contr\u00f4le<\/strong><\/p>\n<p class=\"p1\">Con\u00e7u pour r\u00e9guler la temp\u00e9rature du corps et soulager l&#8217;inconfort, le Ice Pulse vous aide \u00e0 rester calme et compos\u00e9 lors des moments intenses de la vie, des stress quotidiens aux activit\u00e9s physiques intenses.<\/p>\n","protected":false},"featured_media":30742,"comment_status":"open","ping_status":"closed","template":"","meta":[],"product_brand":[],"product_cat":[190,187,180],"product_tag":[],"class_list":{"0":"post-30750","1":"product","2":"type-product","3":"status-publish","4":"has-post-thumbnail","6":"product_cat-ice-pulse-fr","7":"product_cat-ice-down-fr","8":"product_cat-all-products-fr","10":"first","11":"instock","12":"shipping-taxable","13":"purchasable","14":"product-type-simple"},"bundled_by":[],"bundle_stock_status":"instock","bundle_stock_quantity":null,"bundle_virtual":false,"bundle_layout":"","bundle_add_to_cart_form_location":"","bundle_editable_in_cart":false,"bundle_sold_individually_context":"","bundle_item_grouping":"","bundle_min_size":"","bundle_max_size":"","bundle_price":[],"bundled_items":[],"bundle_sell_ids":[],"jetpack_sharing_enabled":true,"_links":{"self":[{"href":"https:\/\/yuyubottle.ch\/fr\/wp-json\/wp\/v2\/product\/30750","targetHints":{"allow":["GET"]}}],"collection":[{"href":"https:\/\/yuyubottle.ch\/fr\/wp-json\/wp\/v2\/product"}],"about":[{"href":"https:\/\/yuyubottle.ch\/fr\/wp-json\/wp\/v2\/types\/product"}],"replies":[{"embeddable":true,"href":"https:\/\/yuyubottle.ch\/fr\/wp-json\/wp\/v2\/comments?post=30750"}],"wp:featuredmedia":[{"embeddable":true,"href":"https:\/\/yuyubottle.ch\/fr\/wp-json\/wp\/v2\/media\/30742"}],"wp:attachment":[{"href":"https:\/\/yuyubottle.ch\/fr\/wp-json\/wp\/v2\/media?parent=30750"}],"wp:term":[{"taxonomy":"product_brand","embeddable":true,"href":"https:\/\/yuyubottle.ch\/fr\/wp-json\/wp\/v2\/product_brand?post=30750"},{"taxonomy":"product_cat","embeddable":true,"href":"https:\/\/yuyubottle.ch\/fr\/wp-json\/wp\/v2\/product_cat?post=30750"},{"taxonomy":"product_tag","embeddable":true,"href":"https:\/\/yuyubottle.ch\/fr\/wp-json\/wp\/v2\/product_tag?post=30750"}],"curies":[{"name":"wp","href":"https:\/\/api.w.org\/{rel}","templated":true}]}}