{"id":30755,"date":"2024-10-24T13:16:56","date_gmt":"2024-10-24T11:16:56","guid":{"rendered":"https:\/\/yuyubottle.ch\/product\/yuyu-luxury-fleece-set-mink\/"},"modified":"2025-12-02T12:11:07","modified_gmt":"2025-12-02T11:11:07","slug":"yuyu-luxury-fleece-set-mink","status":"publish","type":"product","link":"https:\/\/yuyubottle.ch\/fr\/produit\/yuyu-luxury-fleece-set-mink\/","title":{"rendered":"YUYU Ensemble luxe Taupe"},"content":{"rendered":"<p><div class=\"fusion-fullwidth fullwidth-box fusion-builder-row-1 fusion-flex-container has-pattern-background has-mask-background nonhundred-percent-fullwidth non-hundred-percent-height-scrolling\" style=\"--awb-border-radius-top-left:0px;--awb-border-radius-top-right:0px;--awb-border-radius-bottom-right:0px;--awb-border-radius-bottom-left:0px;--awb-padding-top:80px;--awb-padding-bottom:0px;--awb-background-color:var(--awb-color3);--awb-flex-wrap:wrap;\" ><div class=\"fusion-builder-row fusion-row fusion-flex-align-items-center fusion-flex-content-wrap\" style=\"max-width:calc( 1270px + );margin-left: calc(- \/ 2 );margin-right: calc(- \/ 2 );\"><div class=\"fusion-layout-column fusion_builder_column fusion-builder-column-0 fusion_builder_column_1_1 1_1 fusion-flex-column fusion-flex-align-self-center\" style=\"--awb-bg-size:cover;--awb-width-large:100%;--awb-margin-top-large:0px;--awb-spacing-right-large:0px;--awb-margin-bottom-large:0px;--awb-spacing-left-large:0px;--awb-width-medium:100%;--awb-order-medium:0;--awb-width-small:100%;--awb-order-small:0;\"><div class=\"fusion-column-wrapper fusion-column-has-shadow fusion-flex-justify-content-flex-start fusion-content-layout-column\"><div class=\"fusion-content-boxes content-boxes columns row fusion-columns-3 fusion-columns-total-3 fusion-content-boxes-1 content-boxes-icon-on-top content-left has-flex-alignment\" style=\"--awb-alignment:flex-start;--awb-hover-accent-color:var(--awb-color4);--awb-circle-hover-accent-color:var(--awb-color4);\" data-animationOffset=\"top-into-view\"><div style=\"--awb-backgroundcolor:rgba(255,255,255,0);\" class=\"fusion-column content-box-column content-box-column content-box-column-1 col-lg-4 col-md-4 col-sm-4 fusion-content-box-hover content-box-column-first-in-row\"><div class=\"col content-box-wrapper content-wrapper link-area-link-icon content-icon-wrapper-yes icon-hover-animation-fade\" data-animationOffset=\"top-into-view\"><div class=\"heading heading-with-icon icon-left\"><div aria-hidden=\"true\" class=\"image\"><img decoding=\"async\" class=\"lazyload\" src=\"data:image\/svg+xml,%3Csvg%20xmlns%3D%27http%3A%2F%2Fwww.w3.org%2F2000%2Fsvg%27%20width%3D%27180%27%20height%3D%27192%27%20viewBox%3D%270%200%20180%20192%27%3E%3Crect%20width%3D%27180%27%20height%3D%27192%27%20fill-opacity%3D%220%22%2F%3E%3C%2Fsvg%3E\" data-orig-src=\"https:\/\/demo.yuyubottle.ch\/wp-content\/uploads\/2024\/10\/Wearable-Hands-Free-YUYU-Switzerland.avif\" width=\"195\" height=\"208\" alt=\"\"><\/div><h3 class=\"content-box-heading fusion-responsive-typography-calculated\" style=\"--h3_typography-font-size:24px;--fontSize:24;line-height:1.32;\">Portable mains libres<\/h3><\/div><div class=\"fusion-clearfix\"><\/div><div class=\"content-container\">\n<p>Con\u00e7u avec une sangle r\u00e9glable pour tous les types de corps, afin que vous puissiez avoir votre yuyu accroch\u00e9 \u00e0 vous lors de vos d\u00e9placements !<\/p>\n<\/div><\/div><\/div><div style=\"--awb-backgroundcolor:rgba(255,255,255,0);\" class=\"fusion-column content-box-column content-box-column content-box-column-2 col-lg-4 col-md-4 col-sm-4 fusion-content-box-hover \"><div class=\"col content-box-wrapper content-wrapper link-area-link-icon content-icon-wrapper-yes icon-hover-animation-fade\" data-animationOffset=\"top-into-view\"><div class=\"heading heading-with-icon icon-left\"><div aria-hidden=\"true\" class=\"image\"><img decoding=\"async\" class=\"lazyload\" src=\"data:image\/svg+xml,%3Csvg%20xmlns%3D%27http%3A%2F%2Fwww.w3.org%2F2000%2Fsvg%27%20width%3D%27180%27%20height%3D%27190%27%20viewBox%3D%270%200%20180%20190%27%3E%3Crect%20width%3D%27180%27%20height%3D%27190%27%20fill-opacity%3D%220%22%2F%3E%3C%2Fsvg%3E\" data-orig-src=\"https:\/\/demo.yuyubottle.ch\/wp-content\/uploads\/2024\/10\/Complimentary-Gift-Box-YUYU-Switzerland.avif\" width=\"197\" height=\"207.94\" alt=\"\"><\/div><h3 class=\"content-box-heading fusion-responsive-typography-calculated\" style=\"--h3_typography-font-size:24px;--fontSize:24;line-height:1.32;\">Coffret cadeau gratuit<\/h3><\/div><div class=\"fusion-clearfix\"><\/div><div class=\"content-container\">\n<p>Livr\u00e9 dans notre bo\u00eete verte YUYU signature recyclable pour rendre les cadeaux encore plus sp\u00e9ciaux.<\/p>\n<\/div><\/div><\/div><div style=\"--awb-backgroundcolor:rgba(255,255,255,0);\" class=\"fusion-column content-box-column content-box-column content-box-column-3 col-lg-4 col-md-4 col-sm-4 fusion-content-box-hover content-box-column-last content-box-column-last-in-row\"><div class=\"col content-box-wrapper content-wrapper link-area-link-icon content-icon-wrapper-yes icon-hover-animation-fade\" data-animationOffset=\"top-into-view\"><div class=\"heading heading-with-icon icon-left\"><div aria-hidden=\"true\" class=\"image\"><img decoding=\"async\" class=\"lazyload\" src=\"data:image\/svg+xml,%3Csvg%20xmlns%3D%27http%3A%2F%2Fwww.w3.org%2F2000%2Fsvg%27%20width%3D%27180%27%20height%3D%27231%27%20viewBox%3D%270%200%20180%20231%27%3E%3Crect%20width%3D%27180%27%20height%3D%27231%27%20fill-opacity%3D%220%22%2F%3E%3C%2Fsvg%3E\" data-orig-src=\"https:\/\/demo.yuyubottle.ch\/wp-content\/uploads\/2024\/10\/Includes-YUYU-Rubber-Bottle-YUYU-Switzerland.avif\" width=\"162\" height=\"207.9\" alt=\"\"><\/div><h3 class=\"content-box-heading fusion-responsive-typography-calculated\" style=\"--h3_typography-font-size:24px;--fontSize:24;line-height:1.32;\">Comprend une bouteille en caoutchouc YUYU<\/h3><\/div><div class=\"fusion-clearfix\"><\/div><div class=\"content-container\">L&#8217;ensemble complet signifie que vous obtenez la bouteille et le couvercle, pr\u00eats \u00e0 remplir et \u00e0 vous installer confortablement !<\/div><\/div><\/div><div class=\"fusion-clearfix\"><\/div><\/div><\/div><\/div><\/div><\/div><div class=\"fusion-fullwidth fullwidth-box fusion-builder-row-2 fusion-flex-container hundred-percent-fullwidth non-hundred-percent-height-scrolling\" style=\"--awb-border-radius-top-left:0px;--awb-border-radius-top-right:0px;--awb-border-radius-bottom-right:0px;--awb-border-radius-bottom-left:0px;--awb-padding-top:0px;--awb-padding-bottom:0px;--awb-padding-left:0px;--awb-padding-top-medium:60px;--awb-background-color:var(--awb-color3);--awb-flex-wrap:wrap;\" ><div class=\"fusion-builder-row fusion-row fusion-flex-align-items-center fusion-flex-content-wrap\" style=\"width:calc( 100% + ) !important;max-width:calc( 100% + ) !important;margin-left: calc(- \/ 2 );margin-right: calc(- \/ 2 );\"><div class=\"fusion-layout-column fusion_builder_column fusion-builder-column-1 fusion_builder_column_1_2 1_2 fusion-flex-column fusion-animated\" style=\"--awb-padding-top:415px;--awb-padding-bottom:267px;--awb-bg-position:center center;--awb-bg-size:cover;--awb-width-large:50%;--awb-margin-top-large:0px;--awb-spacing-right-large:calc( 0.09 * calc( 100% - ) );--awb-margin-bottom-large:0px;--awb-spacing-left-large:0px;--awb-width-medium:100%;--awb-order-medium:1;--awb-margin-bottom-medium:0px;--awb-width-small:100%;\" data-animationType=\"fadeIn\" data-animationDuration=\"0.8\" data-animationOffset=\"top-into-view\"><div class=\"fusion-column-wrapper lazyload fusion-column-has-shadow fusion-flex-justify-content-flex-start fusion-content-layout-column fusion-empty-column-bg-image fusion-column-has-bg-image\" data-bg-url=\"https:\/\/demo.yuyubottle.ch\/wp-content\/uploads\/2024\/10\/YUYU_Cotton_Waffle_Set_Grey_Rubber-Bottle-Switzerland.webp\" data-bg=\"https:\/\/demo.yuyubottle.ch\/wp-content\/uploads\/2024\/10\/YUYU_Cotton_Waffle_Set_Grey_Rubber-Bottle-Switzerland.webp\"><img decoding=\"async\" class=\"fusion-empty-dims-img-placeholder\" src=\"data:image\/svg+xml,%3Csvg%20xmlns%3D%27http%3A%2F%2Fwww.w3.org%2F2000%2Fsvg%27%20width%3D%271080%27%20height%3D%27700%27%20viewBox%3D%270%200%201080%20700%27%3E%3Crect%20width%3D%271080%27%20height%3D%27700%27%20fill-opacity%3D%220%22%2F%3E%3C%2Fsvg%3E\" alt=\"\"><\/div><\/div><div class=\"fusion-layout-column fusion_builder_column fusion-builder-column-2 fusion_builder_column_1_2 1_2 fusion-flex-column fusion-animated\" style=\"--awb-padding-right:5%;--awb-padding-left:5%;--awb-padding-right-small:0px;--awb-padding-left-small:0px;--awb-bg-size:cover;--awb-width-large:50%;--awb-margin-top-large:0px;--awb-margin-bottom-large:0px;--awb-spacing-left-large:calc( 0.09 * calc( 100% - ) );--awb-width-medium:100%;--awb-margin-bottom-medium:50px;--awb-width-small:100%;\" data-animationType=\"fadeIn\" data-animationDuration=\"0.8\" data-animationOffset=\"top-into-view\"><div class=\"fusion-column-wrapper fusion-column-has-shadow fusion-flex-justify-content-center fusion-content-layout-column\"><div class=\"fusion-separator fusion-no-small-visibility fusion-no-medium-visibility fusion-full-width-sep\" style=\"align-self: center;margin-left: auto;margin-right: auto;margin-top:8%;width:100%;\"><\/div><div class=\"fusion-title title fusion-title-1 fusion-sep-none fusion-title-text fusion-title-size-two\" style=\"--awb-margin-bottom:5%;--awb-margin-left:10px;--awb-margin-bottom-medium:20px;\"><h2 class=\"fusion-title-heading title-heading-left fusion-responsive-typography-calculated\" style=\"margin:0;--fontSize:40;line-height:1.26;\">Nous utilisons uniquement du caoutchouc naturel biod\u00e9gradable de la plus haute qualit\u00e9.<\/h2><\/div><div class=\"fusion-text fusion-text-1\" style=\"--awb-margin-left:10px;\"><p>We believe the things held so close to your body should be beautiful, which is why we make our YUYU bottles from the highest quality sustainably sourced rubber trees from Sri Lanka.<\/p>\n<\/div><div class=\"fusion-separator fusion-no-small-visibility fusion-no-medium-visibility fusion-full-width-sep\" style=\"align-self: center;margin-left: auto;margin-right: auto;margin-top:11%;width:100%;\"><\/div><\/div><\/div><\/div><\/div><div class=\"fusion-fullwidth fullwidth-box fusion-builder-row-3 fusion-flex-container has-pattern-background has-mask-background nonhundred-percent-fullwidth non-hundred-percent-height-scrolling\" style=\"--awb-border-radius-top-left:0px;--awb-border-radius-top-right:0px;--awb-border-radius-bottom-right:0px;--awb-border-radius-bottom-left:0px;--awb-background-color:var(--awb-color1);--awb-flex-wrap:wrap;\" ><div class=\"fusion-builder-row fusion-row fusion-flex-align-items-flex-start fusion-flex-content-wrap\" style=\"max-width:calc( 1270px + );margin-left: calc(- \/ 2 );margin-right: calc(- \/ 2 );\"><div class=\"fusion-layout-column fusion_builder_column fusion-builder-column-3 fusion_builder_column_1_1 1_1 fusion-flex-column\" style=\"--awb-padding-top:40px;--awb-bg-size:cover;--awb-width-large:100%;--awb-margin-top-large:0px;--awb-spacing-right-large:0px;--awb-margin-bottom-large:0px;--awb-spacing-left-large:0px;--awb-width-medium:100%;--awb-order-medium:0;--awb-width-small:100%;--awb-order-small:0;\"><div class=\"fusion-column-wrapper fusion-column-has-shadow fusion-flex-justify-content-flex-start fusion-content-layout-column\"><div class=\"fusion-title title fusion-title-2 fusion-sep-none fusion-title-text fusion-title-size-three\"><h3 class=\"fusion-title-heading title-heading-left fusion-responsive-typography-calculated\" style=\"margin:0;--fontSize:25;--minFontSize:25;line-height:1.32;\">Comment remplir et utiliser votre YUYU?<\/h3><\/div><div class=\"fusion-video fusion-youtube\" style=\"--awb-max-width:1300px;--awb-max-height:700px;\"><div class=\"video-shortcode\"><lite-youtube videoid=\"cn9tNHiZDVo\" class=\"landscape\" params=\"wmode=transparent&autoplay=1&enablejsapi=1\" title=\"YouTube video player 1\" width=\"1300\" height=\"700\" data-thumbnail-size=\"auto\"><\/lite-youtube><\/div><\/div><\/div><\/div><\/div><\/div><\/p>\n","protected":false},"excerpt":{"rendered":"<p>Douce au toucher, la collection Luxury Fleece Pocketz de YUYU \u00e9l\u00e8vera instantan\u00e9ment votre exp\u00e9rience de bouillotte \u00e0 un tout nouveau niveau. La housse en polaire, la sangle portable r\u00e9volutionnaire et la NOUVELLE fonction de poche en font la longue bouillotte id\u00e9ale \u00e0 envelopper autour de votre corps et \u00e0 vous r\u00e9chauffer tout au long de l&#8217;ann\u00e9e. <\/p>\n<p>Bouillotte originale de 81 cm de long de YUYU en caoutchouc naturel biod\u00e9gradable. Vendu avec une housse Luxury Fleece Pocketz. <\/p>\n","protected":false},"featured_media":30831,"comment_status":"open","ping_status":"closed","template":"","meta":[],"product_brand":[],"product_cat":[196,193,180],"product_tag":[],"class_list":{"0":"post-30755","1":"product","2":"type-product","3":"status-publish","4":"has-post-thumbnail","6":"product_cat-hot-bottle-fr","7":"product_cat-warm-up-fr","8":"product_cat-all-products-fr","10":"first","11":"instock","12":"shipping-taxable","13":"purchasable","14":"product-type-simple"},"bundled_by":[],"bundle_stock_status":"instock","bundle_stock_quantity":null,"bundle_virtual":false,"bundle_layout":"","bundle_add_to_cart_form_location":"","bundle_editable_in_cart":false,"bundle_sold_individually_context":"","bundle_item_grouping":"","bundle_min_size":"","bundle_max_size":"","bundle_price":[],"bundled_items":[],"bundle_sell_ids":[],"jetpack_sharing_enabled":true,"_links":{"self":[{"href":"https:\/\/yuyubottle.ch\/fr\/wp-json\/wp\/v2\/product\/30755","targetHints":{"allow":["GET"]}}],"collection":[{"href":"https:\/\/yuyubottle.ch\/fr\/wp-json\/wp\/v2\/product"}],"about":[{"href":"https:\/\/yuyubottle.ch\/fr\/wp-json\/wp\/v2\/types\/product"}],"replies":[{"embeddable":true,"href":"https:\/\/yuyubottle.ch\/fr\/wp-json\/wp\/v2\/comments?post=30755"}],"wp:featuredmedia":[{"embeddable":true,"href":"https:\/\/yuyubottle.ch\/fr\/wp-json\/wp\/v2\/media\/30831"}],"wp:attachment":[{"href":"https:\/\/yuyubottle.ch\/fr\/wp-json\/wp\/v2\/media?parent=30755"}],"wp:term":[{"taxonomy":"product_brand","embeddable":true,"href":"https:\/\/yuyubottle.ch\/fr\/wp-json\/wp\/v2\/product_brand?post=30755"},{"taxonomy":"product_cat","embeddable":true,"href":"https:\/\/yuyubottle.ch\/fr\/wp-json\/wp\/v2\/product_cat?post=30755"},{"taxonomy":"product_tag","embeddable":true,"href":"https:\/\/yuyubottle.ch\/fr\/wp-json\/wp\/v2\/product_tag?post=30755"}],"curies":[{"name":"wp","href":"https:\/\/api.w.org\/{rel}","templated":true}]}}