{"id":30780,"date":"2020-01-23T23:28:00","date_gmt":"2020-01-23T23:28:00","guid":{"rendered":"https:\/\/yuyubottle.ch\/product\/yuyu-x-pimlico-linen-set-ocean\/"},"modified":"2025-12-02T12:28:10","modified_gmt":"2025-12-02T11:28:10","slug":"yuyu-x-pimlico-linen-set-ocean","status":"publish","type":"product","link":"https:\/\/yuyubottle.ch\/fr\/produit\/yuyu-x-pimlico-linen-set-ocean\/","title":{"rendered":"YUYU Pimlico Linen Ocean"},"content":{"rendered":"<p><div class=\"fusion-fullwidth fullwidth-box fusion-builder-row-1 fusion-flex-container has-pattern-background has-mask-background hundred-percent-fullwidth non-hundred-percent-height-scrolling\" style=\"--awb-border-sizes-top:0px;--awb-border-sizes-bottom:0px;--awb-border-radius-top-left:0px;--awb-border-radius-top-right:0px;--awb-border-radius-bottom-right:0px;--awb-border-radius-bottom-left:0px;--awb-padding-top:0px;--awb-padding-bottom:0px;--awb-margin-top:0px;--awb-margin-bottom:50px;--awb-flex-wrap:wrap;\" ><div class=\"fusion-builder-row fusion-row fusion-flex-align-items-center fusion-flex-content-wrap\" style=\"width:calc( 100% + ) !important;max-width:calc( 100% + ) !important;margin-left: calc(- \/ 2 );margin-right: calc(- \/ 2 );\"><div class=\"fusion-layout-column fusion_builder_column fusion-builder-column-0 fusion_builder_column_1_3 1_3 fusion-flex-column\" style=\"--awb-bg-size:cover;--awb-width-large:33.333333333333%;--awb-margin-top-large:0px;--awb-margin-bottom-large:0px;--awb-width-medium:100%;--awb-order-medium:0;--awb-width-small:100%;--awb-order-small:0;\"><div class=\"fusion-column-wrapper fusion-column-has-shadow fusion-flex-justify-content-flex-start fusion-content-layout-column\"><div class=\"fusion-title title fusion-title-1 fusion-sep-none fusion-title-text fusion-title-size-four\"><h4 class=\"fusion-title-heading title-heading-left fusion-responsive-typography-calculated\" style=\"margin:0;text-transform:uppercase;--fontSize:22;--minFontSize:22;line-height:1.34;\">DISCOVER<\/h4><\/div><div class=\"fusion-title title fusion-title-2 fusion-sep-none fusion-title-text fusion-title-size-three\"><h3 class=\"fusion-title-heading title-heading-left fusion-responsive-typography-calculated\" style=\"margin:0;--fontSize:25;--minFontSize:25;line-height:1.32;\"><strong>The Revolutionary ICE Recovery Bottle.<\/strong><\/h3><\/div><\/div><\/div><div class=\"fusion-layout-column fusion_builder_column fusion-builder-column-1 fusion_builder_column_2_3 2_3 fusion-flex-column\" style=\"--awb-bg-size:cover;--awb-width-large:66.666666666667%;--awb-margin-top-large:0px;--awb-margin-bottom-large:0px;--awb-width-medium:100%;--awb-order-medium:0;--awb-width-small:100%;--awb-order-small:0;\"><div class=\"fusion-column-wrapper fusion-column-has-shadow fusion-flex-justify-content-flex-start fusion-content-layout-column\"><div class=\"fusion-image-carousel fusion-image-carousel-auto fusion-image-carousel-1 fusion-carousel-border\"><div class=\"awb-carousel awb-swiper awb-swiper-carousel\" data-autoplay=\"no\" data-columns=\"3\" data-itemmargin=\"0\" data-itemwidth=\"180\" data-touchscroll=\"yes\" data-imagesize=\"auto\" style=\"--awb-columns:3;--awb-column-spacing:0px;\"><div class=\"swiper-wrapper awb-image-carousel-wrapper fusion-flex-align-items-center\"><div class=\"swiper-slide\"><div class=\"fusion-carousel-item-wrapper\"><div class=\"fusion-image-wrapper hover-type-none\"><img decoding=\"async\" width=\"900\" height=\"900\" src=\"https:\/\/yuyubottle.ch\/wp-content\/uploads\/2024\/10\/YUYU-Ice-Recovery-Bottle-Customisable-Filling-Design-Switzerland.webp\" class=\"attachment-full size-full lazyload\" alt=\"\" srcset=\"data:image\/svg+xml,%3Csvg%20xmlns%3D%27http%3A%2F%2Fwww.w3.org%2F2000%2Fsvg%27%20width%3D%27900%27%20height%3D%27900%27%20viewBox%3D%270%200%20900%20900%27%3E%3Crect%20width%3D%27900%27%20height%3D%27900%27%20fill-opacity%3D%220%22%2F%3E%3C%2Fsvg%3E\" data-orig-src=\"https:\/\/yuyubottle.ch\/wp-content\/uploads\/2024\/10\/YUYU-Ice-Recovery-Bottle-Customisable-Filling-Design-Switzerland.webp\" data-srcset=\"https:\/\/yuyubottle.ch\/wp-content\/uploads\/2024\/10\/YUYU-Ice-Recovery-Bottle-Customisable-Filling-Design-Switzerland-66x66.webp 66w, https:\/\/yuyubottle.ch\/wp-content\/uploads\/2024\/10\/YUYU-Ice-Recovery-Bottle-Customisable-Filling-Design-Switzerland-100x100.webp 100w, https:\/\/yuyubottle.ch\/wp-content\/uploads\/2024\/10\/YUYU-Ice-Recovery-Bottle-Customisable-Filling-Design-Switzerland-150x150.webp 150w, https:\/\/yuyubottle.ch\/wp-content\/uploads\/2024\/10\/YUYU-Ice-Recovery-Bottle-Customisable-Filling-Design-Switzerland-200x200.webp 200w, https:\/\/yuyubottle.ch\/wp-content\/uploads\/2024\/10\/YUYU-Ice-Recovery-Bottle-Customisable-Filling-Design-Switzerland-300x300.webp 300w, https:\/\/yuyubottle.ch\/wp-content\/uploads\/2024\/10\/YUYU-Ice-Recovery-Bottle-Customisable-Filling-Design-Switzerland-400x400.webp 400w, https:\/\/yuyubottle.ch\/wp-content\/uploads\/2024\/10\/YUYU-Ice-Recovery-Bottle-Customisable-Filling-Design-Switzerland-500x500.webp 500w, https:\/\/yuyubottle.ch\/wp-content\/uploads\/2024\/10\/YUYU-Ice-Recovery-Bottle-Customisable-Filling-Design-Switzerland-600x600.webp 600w, https:\/\/yuyubottle.ch\/wp-content\/uploads\/2024\/10\/YUYU-Ice-Recovery-Bottle-Customisable-Filling-Design-Switzerland-700x700.webp 700w, https:\/\/yuyubottle.ch\/wp-content\/uploads\/2024\/10\/YUYU-Ice-Recovery-Bottle-Customisable-Filling-Design-Switzerland-768x768.webp 768w, https:\/\/yuyubottle.ch\/wp-content\/uploads\/2024\/10\/YUYU-Ice-Recovery-Bottle-Customisable-Filling-Design-Switzerland-800x800.webp 800w, https:\/\/yuyubottle.ch\/wp-content\/uploads\/2024\/10\/YUYU-Ice-Recovery-Bottle-Customisable-Filling-Design-Switzerland.webp 900w\" data-sizes=\"auto\" data-orig-><\/div><\/div><\/div><div class=\"swiper-slide\"><div class=\"fusion-carousel-item-wrapper\"><div class=\"fusion-image-wrapper hover-type-none\"><img decoding=\"async\" width=\"720\" height=\"720\" src=\"https:\/\/yuyubottle.ch\/wp-content\/uploads\/2024\/10\/YUYU-Ice-Recovery-Bottle-Extended-Length-Switzerland.webp\" class=\"attachment-full size-full lazyload\" alt=\"\" srcset=\"data:image\/svg+xml,%3Csvg%20xmlns%3D%27http%3A%2F%2Fwww.w3.org%2F2000%2Fsvg%27%20width%3D%27720%27%20height%3D%27720%27%20viewBox%3D%270%200%20720%20720%27%3E%3Crect%20width%3D%27720%27%20height%3D%27720%27%20fill-opacity%3D%220%22%2F%3E%3C%2Fsvg%3E\" data-orig-src=\"https:\/\/yuyubottle.ch\/wp-content\/uploads\/2024\/10\/YUYU-Ice-Recovery-Bottle-Extended-Length-Switzerland.webp\" data-srcset=\"https:\/\/yuyubottle.ch\/wp-content\/uploads\/2024\/10\/YUYU-Ice-Recovery-Bottle-Extended-Length-Switzerland-66x66.webp 66w, https:\/\/yuyubottle.ch\/wp-content\/uploads\/2024\/10\/YUYU-Ice-Recovery-Bottle-Extended-Length-Switzerland-100x100.webp 100w, https:\/\/yuyubottle.ch\/wp-content\/uploads\/2024\/10\/YUYU-Ice-Recovery-Bottle-Extended-Length-Switzerland-150x150.webp 150w, https:\/\/yuyubottle.ch\/wp-content\/uploads\/2024\/10\/YUYU-Ice-Recovery-Bottle-Extended-Length-Switzerland-200x200.webp 200w, https:\/\/yuyubottle.ch\/wp-content\/uploads\/2024\/10\/YUYU-Ice-Recovery-Bottle-Extended-Length-Switzerland-300x300.webp 300w, https:\/\/yuyubottle.ch\/wp-content\/uploads\/2024\/10\/YUYU-Ice-Recovery-Bottle-Extended-Length-Switzerland-400x400.webp 400w, https:\/\/yuyubottle.ch\/wp-content\/uploads\/2024\/10\/YUYU-Ice-Recovery-Bottle-Extended-Length-Switzerland-500x500.webp 500w, https:\/\/yuyubottle.ch\/wp-content\/uploads\/2024\/10\/YUYU-Ice-Recovery-Bottle-Extended-Length-Switzerland-600x600.webp 600w, https:\/\/yuyubottle.ch\/wp-content\/uploads\/2024\/10\/YUYU-Ice-Recovery-Bottle-Extended-Length-Switzerland-700x700.webp 700w, https:\/\/yuyubottle.ch\/wp-content\/uploads\/2024\/10\/YUYU-Ice-Recovery-Bottle-Extended-Length-Switzerland.webp 720w\" data-sizes=\"auto\" data-orig-><\/div><\/div><\/div><div class=\"swiper-slide\"><div class=\"fusion-carousel-item-wrapper\"><div class=\"fusion-image-wrapper hover-type-none\"><img decoding=\"async\" width=\"900\" height=\"900\" src=\"https:\/\/yuyubottle.ch\/wp-content\/uploads\/2024\/10\/YUYU-Ice-Recovery-Bottle-Flexible-and-Targeted-Relief-Switzerland.webp\" class=\"attachment-full size-full lazyload\" alt=\"\" srcset=\"data:image\/svg+xml,%3Csvg%20xmlns%3D%27http%3A%2F%2Fwww.w3.org%2F2000%2Fsvg%27%20width%3D%27900%27%20height%3D%27900%27%20viewBox%3D%270%200%20900%20900%27%3E%3Crect%20width%3D%27900%27%20height%3D%27900%27%20fill-opacity%3D%220%22%2F%3E%3C%2Fsvg%3E\" data-orig-src=\"https:\/\/yuyubottle.ch\/wp-content\/uploads\/2024\/10\/YUYU-Ice-Recovery-Bottle-Flexible-and-Targeted-Relief-Switzerland.webp\" data-srcset=\"https:\/\/yuyubottle.ch\/wp-content\/uploads\/2024\/10\/YUYU-Ice-Recovery-Bottle-Flexible-and-Targeted-Relief-Switzerland-66x66.webp 66w, https:\/\/yuyubottle.ch\/wp-content\/uploads\/2024\/10\/YUYU-Ice-Recovery-Bottle-Flexible-and-Targeted-Relief-Switzerland-100x100.webp 100w, https:\/\/yuyubottle.ch\/wp-content\/uploads\/2024\/10\/YUYU-Ice-Recovery-Bottle-Flexible-and-Targeted-Relief-Switzerland-150x150.webp 150w, https:\/\/yuyubottle.ch\/wp-content\/uploads\/2024\/10\/YUYU-Ice-Recovery-Bottle-Flexible-and-Targeted-Relief-Switzerland-200x200.webp 200w, https:\/\/yuyubottle.ch\/wp-content\/uploads\/2024\/10\/YUYU-Ice-Recovery-Bottle-Flexible-and-Targeted-Relief-Switzerland-300x300.webp 300w, https:\/\/yuyubottle.ch\/wp-content\/uploads\/2024\/10\/YUYU-Ice-Recovery-Bottle-Flexible-and-Targeted-Relief-Switzerland-400x400.webp 400w, https:\/\/yuyubottle.ch\/wp-content\/uploads\/2024\/10\/YUYU-Ice-Recovery-Bottle-Flexible-and-Targeted-Relief-Switzerland-500x500.webp 500w, https:\/\/yuyubottle.ch\/wp-content\/uploads\/2024\/10\/YUYU-Ice-Recovery-Bottle-Flexible-and-Targeted-Relief-Switzerland-600x600.webp 600w, https:\/\/yuyubottle.ch\/wp-content\/uploads\/2024\/10\/YUYU-Ice-Recovery-Bottle-Flexible-and-Targeted-Relief-Switzerland-700x700.webp 700w, https:\/\/yuyubottle.ch\/wp-content\/uploads\/2024\/10\/YUYU-Ice-Recovery-Bottle-Flexible-and-Targeted-Relief-Switzerland-768x768.webp 768w, https:\/\/yuyubottle.ch\/wp-content\/uploads\/2024\/10\/YUYU-Ice-Recovery-Bottle-Flexible-and-Targeted-Relief-Switzerland-800x800.webp 800w, https:\/\/yuyubottle.ch\/wp-content\/uploads\/2024\/10\/YUYU-Ice-Recovery-Bottle-Flexible-and-Targeted-Relief-Switzerland.webp 900w\" data-sizes=\"auto\" data-orig-><\/div><\/div><\/div><\/div><div class=\"awb-swiper-button awb-swiper-button-prev\"><i class=\"awb-icon-angle-left\" aria-hidden=\"true\"><\/i><\/div><div class=\"awb-swiper-button awb-swiper-button-next\"><i class=\"awb-icon-angle-right\" aria-hidden=\"true\"><\/i><\/div><\/div><\/div><\/div><\/div><\/div><\/div><div class=\"fusion-fullwidth fullwidth-box fusion-builder-row-2 fusion-flex-container has-pattern-background has-mask-background nonhundred-percent-fullwidth non-hundred-percent-height-scrolling\" style=\"--awb-border-radius-top-left:0px;--awb-border-radius-top-right:0px;--awb-border-radius-bottom-right:0px;--awb-border-radius-bottom-left:0px;--awb-padding-top:80px;--awb-padding-bottom:0px;--awb-background-color:var(--awb-color3);--awb-flex-wrap:wrap;\" ><div class=\"fusion-builder-row fusion-row fusion-flex-align-items-center fusion-flex-content-wrap\" style=\"max-width:calc( 1270px + );margin-left: calc(- \/ 2 );margin-right: calc(- \/ 2 );\"><div class=\"fusion-layout-column fusion_builder_column fusion-builder-column-2 fusion_builder_column_1_1 1_1 fusion-flex-column fusion-flex-align-self-center\" style=\"--awb-bg-size:cover;--awb-width-large:100%;--awb-margin-top-large:0px;--awb-spacing-right-large:0px;--awb-margin-bottom-large:0px;--awb-spacing-left-large:0px;--awb-width-medium:100%;--awb-order-medium:0;--awb-width-small:100%;--awb-order-small:0;\"><div class=\"fusion-column-wrapper fusion-column-has-shadow fusion-flex-justify-content-flex-start fusion-content-layout-column\"><div class=\"fusion-content-boxes content-boxes columns row fusion-columns-3 fusion-columns-total-3 fusion-content-boxes-1 content-boxes-icon-on-top content-left has-flex-alignment\" style=\"--awb-alignment:flex-start;--awb-hover-accent-color:var(--awb-color4);--awb-circle-hover-accent-color:var(--awb-color4);\" data-animationOffset=\"top-into-view\"><div style=\"--awb-backgroundcolor:rgba(255,255,255,0);\" class=\"fusion-column content-box-column content-box-column content-box-column-1 col-lg-4 col-md-4 col-sm-4 fusion-content-box-hover content-box-column-first-in-row\"><div class=\"col content-box-wrapper content-wrapper link-area-link-icon content-icon-wrapper-yes icon-hover-animation-fade\" data-animationOffset=\"top-into-view\"><div class=\"heading heading-with-icon icon-left\"><div aria-hidden=\"true\" class=\"image\"><img decoding=\"async\" class=\"lazyload\" src=\"data:image\/svg+xml,%3Csvg%20xmlns%3D%27http%3A%2F%2Fwww.w3.org%2F2000%2Fsvg%27%20width%3D%27180%27%20height%3D%27192%27%20viewBox%3D%270%200%20180%20192%27%3E%3Crect%20width%3D%27180%27%20height%3D%27192%27%20fill-opacity%3D%220%22%2F%3E%3C%2Fsvg%3E\" data-orig-src=\"https:\/\/demo.yuyubottle.ch\/wp-content\/uploads\/2024\/10\/Wearable-Hands-Free-YUYU-Switzerland.avif\" width=\"195\" height=\"208\" alt=\"\"><\/div><h3 class=\"content-box-heading fusion-responsive-typography-calculated\" style=\"--h3_typography-font-size:24px;--fontSize:24;line-height:1.32;\">Wearable Hands-Free<\/h3><\/div><div class=\"fusion-clearfix\"><\/div><div class=\"content-container\">\n<p>Designed with an adjustable strap for all body types, so you can take ice recovery with you on the go!<\/p>\n<\/div><\/div><\/div><div style=\"--awb-backgroundcolor:rgba(255,255,255,0);\" class=\"fusion-column content-box-column content-box-column content-box-column-2 col-lg-4 col-md-4 col-sm-4 fusion-content-box-hover \"><div class=\"col content-box-wrapper content-wrapper link-area-link-icon content-icon-wrapper-yes icon-hover-animation-fade\" data-animationOffset=\"top-into-view\"><div class=\"heading heading-with-icon icon-left\"><div aria-hidden=\"true\" class=\"image\"><img decoding=\"async\" class=\"lazyload\" src=\"data:image\/svg+xml,%3Csvg%20xmlns%3D%27http%3A%2F%2Fwww.w3.org%2F2000%2Fsvg%27%20width%3D%27180%27%20height%3D%27190%27%20viewBox%3D%270%200%20180%20190%27%3E%3Crect%20width%3D%27180%27%20height%3D%27190%27%20fill-opacity%3D%220%22%2F%3E%3C%2Fsvg%3E\" data-orig-src=\"https:\/\/demo.yuyubottle.ch\/wp-content\/uploads\/2024\/10\/Complimentary-Gift-Box-YUYU-Switzerland.avif\" width=\"197\" height=\"207.94\" alt=\"\"><\/div><h3 class=\"content-box-heading fusion-responsive-typography-calculated\" style=\"--h3_typography-font-size:24px;--fontSize:24;line-height:1.32;\">Complimentary Gift Box<\/h3><\/div><div class=\"fusion-clearfix\"><\/div><div class=\"content-container\">\n<p>Delivered in our recyclable signature green YUYU box to make gifts extra special.<\/p>\n<\/div><\/div><\/div><div style=\"--awb-backgroundcolor:rgba(255,255,255,0);\" class=\"fusion-column content-box-column content-box-column content-box-column-3 col-lg-4 col-md-4 col-sm-4 fusion-content-box-hover content-box-column-last content-box-column-last-in-row\"><div class=\"col content-box-wrapper content-wrapper link-area-link-icon content-icon-wrapper-yes icon-hover-animation-fade\" data-animationOffset=\"top-into-view\"><div class=\"heading heading-with-icon icon-left\"><div aria-hidden=\"true\" class=\"image\"><img decoding=\"async\" class=\"lazyload\" src=\"data:image\/svg+xml,%3Csvg%20xmlns%3D%27http%3A%2F%2Fwww.w3.org%2F2000%2Fsvg%27%20width%3D%27180%27%20height%3D%27231%27%20viewBox%3D%270%200%20180%20231%27%3E%3Crect%20width%3D%27180%27%20height%3D%27231%27%20fill-opacity%3D%220%22%2F%3E%3C%2Fsvg%3E\" data-orig-src=\"https:\/\/demo.yuyubottle.ch\/wp-content\/uploads\/2024\/10\/Includes-YUYU-Rubber-Bottle-YUYU-Switzerland.avif\" width=\"162\" height=\"207.9\" alt=\"\"><\/div><h3 class=\"content-box-heading fusion-responsive-typography-calculated\" style=\"--h3_typography-font-size:24px;--fontSize:24;line-height:1.32;\">Includes YUYU Rubber Bottle<\/h3><\/div><div class=\"fusion-clearfix\"><\/div><div class=\"content-container\">The full set means you get the bottle and cover, ready to fill up and get cosy!<\/div><\/div><\/div><div class=\"fusion-clearfix\"><\/div><\/div><\/div><\/div><\/div><\/div><div class=\"fusion-fullwidth fullwidth-box fusion-builder-row-3 fusion-flex-container hundred-percent-fullwidth non-hundred-percent-height-scrolling\" style=\"--awb-border-radius-top-left:0px;--awb-border-radius-top-right:0px;--awb-border-radius-bottom-right:0px;--awb-border-radius-bottom-left:0px;--awb-padding-top:0px;--awb-padding-bottom:0px;--awb-padding-left:0px;--awb-padding-top-medium:60px;--awb-background-color:var(--awb-color3);--awb-flex-wrap:wrap;\" ><div class=\"fusion-builder-row fusion-row fusion-flex-align-items-center fusion-flex-content-wrap\" style=\"width:calc( 100% + ) !important;max-width:calc( 100% + ) !important;margin-left: calc(- \/ 2 );margin-right: calc(- \/ 2 );\"><div class=\"fusion-layout-column fusion_builder_column fusion-builder-column-3 fusion_builder_column_1_2 1_2 fusion-flex-column fusion-animated\" style=\"--awb-padding-top:415px;--awb-padding-bottom:267px;--awb-bg-position:center center;--awb-bg-size:cover;--awb-width-large:50%;--awb-margin-top-large:0px;--awb-spacing-right-large:calc( 0.09 * calc( 100% - ) );--awb-margin-bottom-large:0px;--awb-spacing-left-large:0px;--awb-width-medium:100%;--awb-order-medium:1;--awb-margin-bottom-medium:0px;--awb-width-small:100%;\" data-animationType=\"fadeIn\" data-animationDuration=\"0.8\" data-animationOffset=\"top-into-view\"><div class=\"fusion-column-wrapper lazyload fusion-column-has-shadow fusion-flex-justify-content-flex-start fusion-content-layout-column fusion-empty-column-bg-image fusion-column-has-bg-image\" data-bg-url=\"https:\/\/demo.yuyubottle.ch\/wp-content\/uploads\/2024\/10\/YUYU_Cotton_Waffle_Set_Grey_Rubber-Bottle-Switzerland.webp\" data-bg=\"https:\/\/demo.yuyubottle.ch\/wp-content\/uploads\/2024\/10\/YUYU_Cotton_Waffle_Set_Grey_Rubber-Bottle-Switzerland.webp\"><img decoding=\"async\" class=\"fusion-empty-dims-img-placeholder\" src=\"data:image\/svg+xml,%3Csvg%20xmlns%3D%27http%3A%2F%2Fwww.w3.org%2F2000%2Fsvg%27%20width%3D%271080%27%20height%3D%27700%27%20viewBox%3D%270%200%201080%20700%27%3E%3Crect%20width%3D%271080%27%20height%3D%27700%27%20fill-opacity%3D%220%22%2F%3E%3C%2Fsvg%3E\" alt=\"\"><\/div><\/div><div class=\"fusion-layout-column fusion_builder_column fusion-builder-column-4 fusion_builder_column_1_2 1_2 fusion-flex-column fusion-animated\" style=\"--awb-padding-right:5%;--awb-padding-left:5%;--awb-padding-right-small:0px;--awb-padding-left-small:0px;--awb-bg-size:cover;--awb-width-large:50%;--awb-margin-top-large:0px;--awb-margin-bottom-large:0px;--awb-spacing-left-large:calc( 0.09 * calc( 100% - ) );--awb-width-medium:100%;--awb-margin-bottom-medium:50px;--awb-width-small:100%;\" data-animationType=\"fadeIn\" data-animationDuration=\"0.8\" data-animationOffset=\"top-into-view\"><div class=\"fusion-column-wrapper fusion-column-has-shadow fusion-flex-justify-content-center fusion-content-layout-column\"><div class=\"fusion-separator fusion-no-small-visibility fusion-no-medium-visibility fusion-full-width-sep\" style=\"align-self: center;margin-left: auto;margin-right: auto;margin-top:8%;width:100%;\"><\/div><div class=\"fusion-title title fusion-title-3 fusion-sep-none fusion-title-text fusion-title-size-two\" style=\"--awb-margin-bottom:5%;--awb-margin-left:10px;--awb-margin-bottom-medium:20px;\"><h2 class=\"fusion-title-heading title-heading-left fusion-responsive-typography-calculated\" style=\"margin:0;--fontSize:40;line-height:1.26;\">We only use the highest grade biodegradable natural rubber.<\/h2><\/div><div class=\"fusion-text fusion-text-1\" style=\"--awb-margin-left:10px;\"><p>We believe the things held so close to your body should be beautiful, which is why we make our YUYU bottles from the highest quality sustainably sourced rubber trees from Sri Lanka.<\/p>\n<\/div><div class=\"fusion-separator fusion-no-small-visibility fusion-no-medium-visibility fusion-full-width-sep\" style=\"align-self: center;margin-left: auto;margin-right: auto;margin-top:11%;width:100%;\"><\/div><\/div><\/div><\/div><\/div><div class=\"fusion-fullwidth fullwidth-box fusion-builder-row-4 fusion-flex-container has-pattern-background has-mask-background nonhundred-percent-fullwidth non-hundred-percent-height-scrolling\" style=\"--awb-border-radius-top-left:0px;--awb-border-radius-top-right:0px;--awb-border-radius-bottom-right:0px;--awb-border-radius-bottom-left:0px;--awb-background-color:var(--awb-color3);--awb-flex-wrap:wrap;\" ><div class=\"fusion-builder-row fusion-row fusion-flex-align-items-flex-start fusion-flex-content-wrap\" style=\"max-width:calc( 1270px + );margin-left: calc(- \/ 2 );margin-right: calc(- \/ 2 );\"><div class=\"fusion-layout-column fusion_builder_column fusion-builder-column-5 fusion_builder_column_1_1 1_1 fusion-flex-column\" style=\"--awb-bg-size:cover;--awb-width-large:100%;--awb-margin-top-large:0px;--awb-spacing-right-large:0px;--awb-margin-bottom-large:0px;--awb-spacing-left-large:0px;--awb-width-medium:100%;--awb-order-medium:0;--awb-width-small:100%;--awb-order-small:0;\"><div class=\"fusion-column-wrapper fusion-column-has-shadow fusion-flex-justify-content-flex-start fusion-content-layout-column\"><div class=\"fusion-text fusion-text-2\"><p>How to fill up and use your YUYU<\/p>\n<\/div><div class=\"fusion-video fusion-youtube\" style=\"--awb-max-width:1300px;--awb-max-height:700px;\"><div class=\"video-shortcode\"><lite-youtube videoid=\"cn9tNHiZDVo\" class=\"landscape\" params=\"wmode=transparent&autoplay=1&enablejsapi=1\" title=\"YouTube video player 1\" width=\"1300\" height=\"700\" data-thumbnail-size=\"auto\"><\/lite-youtube><\/div><\/div><\/div><\/div><\/div><\/div><\/p>\n","protected":false},"excerpt":{"rendered":"<p class=\"p1\">Les Linens Belgien Pimlico utilisent les fibres les plus pures, donnant aux housses une sensation de fra\u00eecheur. La ouate de coton ajout\u00e9e, cousue entre la housse ext\u00e9rieure et la doublure int\u00e9rieure, offre une couche suppl\u00e9mentaire d&#8217;isolation, aidant \u00e0 emprisonner la chaleur, vous offrant ainsi des heures de chaleur. Les couleurs de cette ligne sont douces, offrant un aspect et une sensation intemporels.<\/p>\n<p class=\"p1\">La bouillotte originale de 81 cm de YUYU, fabriqu\u00e9e \u00e0 partir de caoutchouc naturel biod\u00e9gradable. Vendue avec une housse en lin belge.<\/p>\n","protected":false},"featured_media":30781,"comment_status":"open","ping_status":"closed","template":"","meta":[],"product_brand":[],"product_cat":[196,193,180,200],"product_tag":[],"class_list":{"0":"post-30780","1":"product","2":"type-product","3":"status-publish","4":"has-post-thumbnail","6":"product_cat-hot-bottle-fr","7":"product_cat-warm-up-fr","8":"product_cat-all-products-fr","9":"product_cat-yuyu-x-pimlico-linen-fr","11":"first","12":"instock","13":"shipping-taxable","14":"purchasable","15":"product-type-simple"},"bundled_by":["32057","32081"],"bundle_stock_status":"instock","bundle_stock_quantity":null,"bundle_virtual":false,"bundle_layout":"","bundle_add_to_cart_form_location":"","bundle_editable_in_cart":false,"bundle_sold_individually_context":"","bundle_item_grouping":"","bundle_min_size":"","bundle_max_size":"","bundle_price":[],"bundled_items":[],"bundle_sell_ids":[],"jetpack_sharing_enabled":true,"_links":{"self":[{"href":"https:\/\/yuyubottle.ch\/fr\/wp-json\/wp\/v2\/product\/30780","targetHints":{"allow":["GET"]}}],"collection":[{"href":"https:\/\/yuyubottle.ch\/fr\/wp-json\/wp\/v2\/product"}],"about":[{"href":"https:\/\/yuyubottle.ch\/fr\/wp-json\/wp\/v2\/types\/product"}],"replies":[{"embeddable":true,"href":"https:\/\/yuyubottle.ch\/fr\/wp-json\/wp\/v2\/comments?post=30780"}],"wp:featuredmedia":[{"embeddable":true,"href":"https:\/\/yuyubottle.ch\/fr\/wp-json\/wp\/v2\/media\/30781"}],"wp:attachment":[{"href":"https:\/\/yuyubottle.ch\/fr\/wp-json\/wp\/v2\/media?parent=30780"}],"wp:term":[{"taxonomy":"product_brand","embeddable":true,"href":"https:\/\/yuyubottle.ch\/fr\/wp-json\/wp\/v2\/product_brand?post=30780"},{"taxonomy":"product_cat","embeddable":true,"href":"https:\/\/yuyubottle.ch\/fr\/wp-json\/wp\/v2\/product_cat?post=30780"},{"taxonomy":"product_tag","embeddable":true,"href":"https:\/\/yuyubottle.ch\/fr\/wp-json\/wp\/v2\/product_tag?post=30780"}],"curies":[{"name":"wp","href":"https:\/\/api.w.org\/{rel}","templated":true}]}}